{"id":5,"date":"2017-10-26T17:10:13","date_gmt":"2017-10-26T15:10:13","guid":{"rendered":"http:\/\/www.clayinformatique.ch\/chrono\/?page_id=5"},"modified":"2018-11-23T11:16:33","modified_gmt":"2018-11-23T10:16:33","slug":"accueil","status":"publish","type":"page","link":"https:\/\/www.clayinformatique.ch\/chrono\/?page_id=5","title":{"rendered":"INFOS"},"content":{"rendered":"<p><img loading=\"lazy\" decoding=\"async\" class=\"alignnone wp-image-238 size-full\" src=\"http:\/\/www.clayinformatique.ch\/chrono\/wp-content\/uploads\/2018\/11\/course-dossard-scan-1280x8542.jpg\" alt=\"\" width=\"1280\" height=\"854\" \/><\/p>\n<p>Vous organisez une course et vous avez besoin d\u2019un chronom\u00e9trage. Je m&rsquo;occupe du <strong>chronom\u00e9trage de la course au moyen de\u00a0code-barres<\/strong>. Chaque coureur re\u00e7oit un dossard muni d\u2019un code-barres.<\/p>\n<p><strong>Avant le d\u00e9part<\/strong>, les dossards sont scann\u00e9s pour permettre le contr\u00f4le des coureurs pr\u00e9sents.<\/p>\n<p><strong>A l\u2019arriv\u00e9e<\/strong>, le scan permet d\u2019\u00e9tablir le classement selon plusieurs crit\u00e8res : temps, cat\u00e9gorie, &#8230;<\/p>\n<p>Il ne s&rsquo;agit pas d&rsquo;un chronom\u00e9trage par puce. La pr\u00e9cision reste donc celle d&rsquo;un scan.<\/p>\n<p>Veuillez me contacter pour tout renseignement compl\u00e9mentaire : lieu et date de la course, prix.<\/p>\n<p><strong><em>clayinformatique.info@gmail.com<\/em><\/strong><a href=\"mailto:clayinformatique.info@gmail.com\"><img loading=\"lazy\" decoding=\"async\" class=\"alignleft wp-image-257\" src=\"http:\/\/www.clayinformatique.ch\/chrono\/wp-content\/uploads\/2018\/11\/mail-chronoclay-150x150.png\" alt=\"\" width=\"80\" height=\"80\" srcset=\"https:\/\/www.clayinformatique.ch\/chrono\/wp-content\/uploads\/2018\/11\/mail-chronoclay-150x150.png 150w, https:\/\/www.clayinformatique.ch\/chrono\/wp-content\/uploads\/2018\/11\/mail-chronoclay-300x300.png 300w, https:\/\/www.clayinformatique.ch\/chrono\/wp-content\/uploads\/2018\/11\/mail-chronoclay-250x250.png 250w, https:\/\/www.clayinformatique.ch\/chrono\/wp-content\/uploads\/2018\/11\/mail-chronoclay-174x174.png 174w, https:\/\/www.clayinformatique.ch\/chrono\/wp-content\/uploads\/2018\/11\/mail-chronoclay.png 448w\" sizes=\"auto, (max-width: 80px) 100vw, 80px\" \/><\/a><\/p>\n<p>&nbsp;<\/p>\n<h2><\/h2>\n","protected":false},"excerpt":{"rendered":"<p>Vous organisez une course et vous avez besoin d\u2019un chronom\u00e9trage. Je m&rsquo;occupe du chronom\u00e9trage de la course au moyen de\u00a0code-barres. Chaque coureur re\u00e7oit un dossard muni d\u2019un code-barres. Avant le d\u00e9part, les dossards sont scann\u00e9s pour permettre le contr\u00f4le des coureurs pr\u00e9sents. A l\u2019arriv\u00e9e, le scan permet d\u2019\u00e9tablir le classement selon plusieurs crit\u00e8res : temps, <a href=\"https:\/\/www.clayinformatique.ch\/chrono\/?page_id=5\" rel=\"nofollow\"><span class=\"sr-only\">En savoir plus surINFOS<\/span>[&hellip;]<\/a><\/p>\n","protected":false},"author":1,"featured_media":0,"parent":0,"menu_order":0,"comment_status":"closed","ping_status":"closed","template":"","meta":{"footnotes":""},"class_list":["post-5","page","type-page","status-publish","hentry"],"_links":{"self":[{"href":"https:\/\/www.clayinformatique.ch\/chrono\/index.php?rest_route=\/wp\/v2\/pages\/5","targetHints":{"allow":["GET"]}}],"collection":[{"href":"https:\/\/www.clayinformatique.ch\/chrono\/index.php?rest_route=\/wp\/v2\/pages"}],"about":[{"href":"https:\/\/www.clayinformatique.ch\/chrono\/index.php?rest_route=\/wp\/v2\/types\/page"}],"author":[{"embeddable":true,"href":"https:\/\/www.clayinformatique.ch\/chrono\/index.php?rest_route=\/wp\/v2\/users\/1"}],"replies":[{"embeddable":true,"href":"https:\/\/www.clayinformatique.ch\/chrono\/index.php?rest_route=%2Fwp%2Fv2%2Fcomments&post=5"}],"version-history":[{"count":0,"href":"https:\/\/www.clayinformatique.ch\/chrono\/index.php?rest_route=\/wp\/v2\/pages\/5\/revisions"}],"wp:attachment":[{"href":"https:\/\/www.clayinformatique.ch\/chrono\/index.php?rest_route=%2Fwp%2Fv2%2Fmedia&parent=5"}],"curies":[{"name":"wp","href":"https:\/\/api.w.org\/{rel}","templated":true}]}}