{"id":2,"date":"2019-12-19T15:13:12","date_gmt":"2019-12-19T14:13:12","guid":{"rendered":"http:\/\/www.clayinformatique.ch\/informatique\/?page_id=2"},"modified":"2022-06-24T12:13:56","modified_gmt":"2022-06-24T10:13:56","slug":"page-d-exemple","status":"publish","type":"page","link":"https:\/\/www.clayinformatique.ch\/informatique\/","title":{"rendered":"Informatique"},"content":{"rendered":"\n<p>J&rsquo;ai con\u00e7u ce site pour centraliser mes cours d&rsquo;informatique au CO.<\/p>\n\n\n\n<p>Il est possible de chercher des activit\u00e9s selon l&rsquo;ann\u00e9e au CO : 9H, 10H ou les cours \u00e0 option MITIC en 11H.<\/p>\n\n\n\n<blockquote class=\"wp-block-quote is-layout-flow wp-block-quote-is-layout-flow\"><p>J&rsquo;\u00e9tais enseignant au CO de Marly dans le canton de Fribourg. <br>J&rsquo;\u00e9tais \u00e9galement Personne Ressource en MITIC.<\/p><\/blockquote>\n\n\n\n<p>Profitez de ce site pour d\u00e9couvrir quelques activit\u00e9s MITIC&nbsp;!<\/p>\n","protected":false},"excerpt":{"rendered":"<p>J&rsquo;ai con\u00e7u ce site pour centraliser mes cours d&rsquo;informatique au CO. Il est possible de chercher des activit\u00e9s selon l&rsquo;ann\u00e9e au CO : 9H, 10H ou les cours \u00e0 option MITIC en 11H. J&rsquo;\u00e9tais enseignant au CO de Marly dans<\/p>\n","protected":false},"author":1,"featured_media":0,"parent":0,"menu_order":0,"comment_status":"closed","ping_status":"open","template":"","meta":{"footnotes":""},"class_list":["post-2","page","type-page","status-publish","hentry"],"_links":{"self":[{"href":"https:\/\/www.clayinformatique.ch\/informatique\/index.php?rest_route=\/wp\/v2\/pages\/2","targetHints":{"allow":["GET"]}}],"collection":[{"href":"https:\/\/www.clayinformatique.ch\/informatique\/index.php?rest_route=\/wp\/v2\/pages"}],"about":[{"href":"https:\/\/www.clayinformatique.ch\/informatique\/index.php?rest_route=\/wp\/v2\/types\/page"}],"author":[{"embeddable":true,"href":"https:\/\/www.clayinformatique.ch\/informatique\/index.php?rest_route=\/wp\/v2\/users\/1"}],"replies":[{"embeddable":true,"href":"https:\/\/www.clayinformatique.ch\/informatique\/index.php?rest_route=%2Fwp%2Fv2%2Fcomments&post=2"}],"version-history":[{"count":1,"href":"https:\/\/www.clayinformatique.ch\/informatique\/index.php?rest_route=\/wp\/v2\/pages\/2\/revisions"}],"predecessor-version":[{"id":433,"href":"https:\/\/www.clayinformatique.ch\/informatique\/index.php?rest_route=\/wp\/v2\/pages\/2\/revisions\/433"}],"wp:attachment":[{"href":"https:\/\/www.clayinformatique.ch\/informatique\/index.php?rest_route=%2Fwp%2Fv2%2Fmedia&parent=2"}],"curies":[{"name":"wp","href":"https:\/\/api.w.org\/{rel}","templated":true}]}}