{"id":236,"date":"2016-01-29T16:56:54","date_gmt":"2016-01-29T15:56:54","guid":{"rendered":"http:\/\/www.clayinformatique.ch\/mathsenquestions2\/?page_id=236"},"modified":"2016-02-03T14:04:38","modified_gmt":"2016-02-03T13:04:38","slug":"9eme-algebre","status":"publish","type":"page","link":"https:\/\/www.clayinformatique.ch\/mathsenquestions2\/?page_id=236","title":{"rendered":"Alg\u00e8bre exercices"},"content":{"rendered":"<p><img loading=\"lazy\" decoding=\"async\" class=\"alignnone size-full wp-image-566\" src=\"http:\/\/www.clayinformatique.ch\/mathsenquestions2\/wp-content\/uploads\/2016\/01\/algebre.png\" alt=\"algebre\" width=\"670\" height=\"282\" srcset=\"https:\/\/www.clayinformatique.ch\/mathsenquestions2\/wp-content\/uploads\/2016\/01\/algebre.png 670w, https:\/\/www.clayinformatique.ch\/mathsenquestions2\/wp-content\/uploads\/2016\/01\/algebre-300x126.png 300w\" sizes=\"auto, (max-width: 670px) 100vw, 670px\" \/><\/p>\n\n<table id=\"tablepress-1\" class=\"tablepress tablepress-id-1\">\n<tbody class=\"row-striping row-hover\">\n<tr class=\"row-1\">\n\t<td class=\"column-1\"><strong>9\u00e8me<\/strong><\/td><td class=\"column-2\"><strong>10\u00e8me<\/strong><\/td><td class=\"column-3\"><strong>11\u00e8me<\/strong><\/td>\n<\/tr>\n<tr class=\"row-2\">\n\t<td class=\"column-1\"><a href=\"http:\/\/www.clayinformatique.ch\/mathsenquestions2\/exercices\/priorites_os\/index.html\" target=\"_blank\">Priorit\u00e9s (os) 9\u00e8me<\/a><\/td><td class=\"column-2\"><a href=\"http:\/\/www.clayinformatique.ch\/mathsenquestions2\/?p=60\">Priorit\u00e9s, ( ) ,{ } 10\u00e8me<\/a><\/td><td class=\"column-3\"><a href=\"http:\/\/www.clayinformatique.ch\/mathsenquestions2\/?p=62\">Calcul litt\u00e9ral 11\u00e8me<\/a><\/td>\n<\/tr>\n<tr class=\"row-3\">\n\t<td class=\"column-1\"><a href=\"http:\/\/www.clayinformatique.ch\/mathsenquestions2\/exercices\/priorites_os2\/index.html\" target=\"_blank\">Priorit\u00e9s (os2) 9\u00e8me<\/a><\/td><td class=\"column-2\"><a href=\"http:\/\/www.clayinformatique.ch\/mathsenquestions2\/?p=85\">Nombres crois\u00e9s (jeu) 10\u00e8me<\/a><\/td><td class=\"column-3\"><a href=\"http:\/\/www.clayinformatique.ch\/mathsenquestions2\/?p=133\">Calcul litt\u00e9ral(2) 11\u00e8me<\/a><\/td>\n<\/tr>\n<tr class=\"row-4\">\n\t<td class=\"column-1\"><a href=\"http:\/\/www.clayinformatique.ch\/mathsenquestions2\/?p=246\">Puissances 9\u00e8me<\/a><\/td><td class=\"column-2\"><a href=\"http:\/\/www.clayinformatique.ch\/mathsenquestions2\/?p=53\">Puissances et racines 10\u00e8me<\/a><\/td><td class=\"column-3\"><a href=\"http:\/\/www.clayinformatique.ch\/mathsenquestions2\/?p=64\">Puissances 11\u00e8me<\/a><\/td>\n<\/tr>\n<tr class=\"row-5\">\n\t<td class=\"column-1\"><a href=\"http:\/\/www.clayinformatique.ch\/mathsenquestions2\/?p=40\">Racines 9\u00e8me<\/a><\/td><td class=\"column-2\"><a href=\"http:\/\/www.clayinformatique.ch\/mathsenquestions2\/?p=54\">Calcul litt\u00e9ral 10\u00e8me<\/a><\/td><td class=\"column-3\"><a href=\"http:\/\/www.clayinformatique.ch\/mathsenquestions2\/exercices\/ajout_not_sc.pdf\">Notation scientifique 11\u00e8me<\/a><\/td>\n<\/tr>\n<tr class=\"row-6\">\n\t<td class=\"column-1\"><a href=\"http:\/\/www.clayinformatique.ch\/mathsenquestions2\/exercices\/fractions\/fractionsproblemes.htm\">Fractions 9\u00e8me<\/a><\/td><td class=\"column-2\"><a href=\"http:\/\/www.clayinformatique.ch\/mathsenquestions2\/?p=61\">Fractions 10\u00e8me<\/a><\/td><td class=\"column-3\"><a href=\"http:\/\/www.clayinformatique.ch\/mathsenquestions2\/?p=161\">Notation scientifique 11\u00e8me - corrig\u00e9s<\/a><\/td>\n<\/tr>\n<tr class=\"row-7\">\n\t<td class=\"column-1\"><a href=\"http:\/\/www.clayinformatique.ch\/mathsenquestions2\/?p=41\">Fractions g\u00e9n\u00e9ralit\u00e9s 9\u00e8me<\/a><\/td><td class=\"column-2\"><a href=\"http:\/\/www.clayinformatique.ch\/mathsenquestions2\/exercices\/equations\/balance_quiz\/index.html\" target=\"_blank\">Equations (Quiz) 10\u00e8me<\/a><\/td><td class=\"column-3\"><a href=\"http:\/\/www.clayinformatique.ch\/mathsenquestions2\/?p=66\">Equations second degr\u00e9<\/a><\/td>\n<\/tr>\n<tr class=\"row-8\">\n\t<td class=\"column-1\"><a href=\"http:\/\/www.clayinformatique.ch\/mathsenquestions2\/?p=49\">Les entiers relatifs 9\u00e8me<\/a><\/td><td class=\"column-2\"><a href=\"http:\/\/www.clayinformatique.ch\/mathsenquestions2\/exercices\/equations\/equations1\/index.html\" target=\"_blank\">Equations pos\u00e9es 10\u00e8me<\/a><\/td><td class=\"column-3\"><a href=\"http:\/\/www.clayinformatique.ch\/mathsenquestions2\/?p=68\">Syst\u00e8mes \u00e0 2 inconnues<\/a><\/td>\n<\/tr>\n<tr class=\"row-9\">\n\t<td class=\"column-1\"><a href=\"http:\/\/www.clayinformatique.ch\/mathsenquestions2\/?p=51\">Les entiers relatifs - probl\u00e8mes 9\u00e8me<\/a><\/td><td class=\"column-2\"><a href=\"http:\/\/www.clayinformatique.ch\/mathsenquestions2\/?p=58\">Equations probl\u00e8mes 10\u00e8me<\/a><\/td><td class=\"column-3\"><a href=\"http:\/\/www.clayinformatique.ch\/mathsenquestions2\/?p=70\">Syst\u00e8mes d'\u00e9quations (difficile)<\/a><\/td>\n<\/tr>\n<tr class=\"row-10\">\n\t<td class=\"column-1\"><\/td><td class=\"column-2\"><a href=\"http:\/\/www.clayinformatique.ch\/mathsenquestions2\/?p=124\">Equations m\u00e9lange 10\u00e8me<\/a><\/td><td class=\"column-3\"><a href=\"http:\/\/www.clayinformatique.ch\/mathsenquestions2\/?p=72\">Syst\u00e8mes d'\u00e9quations 11\u00e8me - r\u00e9vision<\/a><\/td>\n<\/tr>\n<tr class=\"row-11\">\n\t<td class=\"column-1\"><\/td><td class=\"column-2\"><\/td><td class=\"column-3\"><a href=\"http:\/\/www.clayinformatique.ch\/mathsenquestions2\/?p=79\">Probl\u00e8mes \u00e0 2 inconnues 11\u00e8me<\/a><\/td>\n<\/tr>\n<tr class=\"row-12\">\n\t<td class=\"column-1\"><\/td><td class=\"column-2\"><\/td><td class=\"column-3\"><a href=\"http:\/\/www.clayinformatique.ch\/mathsenquestions2\/?p=81\">Int\u00e9r\u00eats \u00e0 2 inconnues<\/a><\/td>\n<\/tr>\n<tr class=\"row-13\">\n\t<td class=\"column-1\"><\/td><td class=\"column-2\"><\/td><td class=\"column-3\"><a href=\"http:\/\/www.clayinformatique.ch\/mathsenquestions2\/?p=83\">R\u00e9vision fin ann\u00e9e 11\u00e8me<\/a><\/td>\n<\/tr>\n<\/tbody>\n<\/table>\n<!-- #tablepress-1 from cache -->\n","protected":false},"excerpt":{"rendered":"","protected":false},"author":1,"featured_media":0,"parent":0,"menu_order":0,"comment_status":"closed","ping_status":"closed","template":"","meta":{"footnotes":""},"class_list":["post-236","page","type-page","status-publish","hentry"],"aioseo_notices":[],"_links":{"self":[{"href":"https:\/\/www.clayinformatique.ch\/mathsenquestions2\/index.php?rest_route=\/wp\/v2\/pages\/236","targetHints":{"allow":["GET"]}}],"collection":[{"href":"https:\/\/www.clayinformatique.ch\/mathsenquestions2\/index.php?rest_route=\/wp\/v2\/pages"}],"about":[{"href":"https:\/\/www.clayinformatique.ch\/mathsenquestions2\/index.php?rest_route=\/wp\/v2\/types\/page"}],"author":[{"embeddable":true,"href":"https:\/\/www.clayinformatique.ch\/mathsenquestions2\/index.php?rest_route=\/wp\/v2\/users\/1"}],"replies":[{"embeddable":true,"href":"https:\/\/www.clayinformatique.ch\/mathsenquestions2\/index.php?rest_route=%2Fwp%2Fv2%2Fcomments&post=236"}],"version-history":[{"count":0,"href":"https:\/\/www.clayinformatique.ch\/mathsenquestions2\/index.php?rest_route=\/wp\/v2\/pages\/236\/revisions"}],"wp:attachment":[{"href":"https:\/\/www.clayinformatique.ch\/mathsenquestions2\/index.php?rest_route=%2Fwp%2Fv2%2Fmedia&parent=236"}],"curies":[{"name":"wp","href":"https:\/\/api.w.org\/{rel}","templated":true}]}}