{"id":306,"date":"2016-02-01T10:07:27","date_gmt":"2016-02-01T09:07:27","guid":{"rendered":"http:\/\/www.clayinformatique.ch\/mathsenquestions2\/?page_id=306"},"modified":"2016-02-03T14:05:05","modified_gmt":"2016-02-03T13:05:05","slug":"9eme-geometrie","status":"publish","type":"page","link":"https:\/\/www.clayinformatique.ch\/mathsenquestions2\/?page_id=306","title":{"rendered":"G\u00e9om\u00e9trie exercices"},"content":{"rendered":"<p><img loading=\"lazy\" decoding=\"async\" class=\"alignnone size-full wp-image-564\" src=\"http:\/\/www.clayinformatique.ch\/mathsenquestions2\/wp-content\/uploads\/2016\/02\/geometrie.png\" alt=\"geometrie\" width=\"670\" height=\"282\" srcset=\"https:\/\/www.clayinformatique.ch\/mathsenquestions2\/wp-content\/uploads\/2016\/02\/geometrie.png 670w, https:\/\/www.clayinformatique.ch\/mathsenquestions2\/wp-content\/uploads\/2016\/02\/geometrie-300x126.png 300w\" sizes=\"auto, (max-width: 670px) 100vw, 670px\" \/><\/p>\n\n<table id=\"tablepress-2\" class=\"tablepress tablepress-id-2\">\n<tbody class=\"row-striping row-hover\">\n<tr class=\"row-1\">\n\t<td class=\"column-1\"><strong>9\u00e8me<\/strong><\/td><td class=\"column-2\"><strong>10\u00e8me<\/strong><\/td><td class=\"column-3\"><strong>11\u00e8me<\/strong><\/td>\n<\/tr>\n<tr class=\"row-2\">\n\t<td class=\"column-1\"><\/td><td class=\"column-2\"><a href=\"https:\/\/www.clayinformatique.ch\/mathsenquestions2\/?p=960\">Angle form\u00e9 par les aiguilles<\/a><\/td><td class=\"column-3\"><\/td>\n<\/tr>\n<tr class=\"row-3\">\n\t<td class=\"column-1\"><a href=\"http:\/\/www.clayinformatique.ch\/mathsenquestions2\/exercices\/mesuresetunites\/mesuresetunites.htm\">Mesures et unit\u00e9s<\/a><\/td><td class=\"column-2\"><a href=\"http:\/\/www.clayinformatique.ch\/mathsenquestions2\/?p=19\">Couronnes, arcs, secteurs 10\u00e8me<\/a><\/td><td class=\"column-3\"><a href=\"http:\/\/www.clayinformatique.ch\/mathsenquestions2\/?p=24\">Pyramides + objectifs 11\u00e8me<\/a><\/td>\n<\/tr>\n<tr class=\"row-4\">\n\t<td class=\"column-1\"><a href=\"http:\/\/www.clayinformatique.ch\/mathsenquestions2\/exercices\/mesuresetunites\/briques_quiz\/index.html\" target=\"_blank\" rel=\"noopener noreferrer\">Unit\u00e9s (briques)<\/a><\/td><td class=\"column-2\"><a href=\"http:\/\/www.clayinformatique.ch\/mathsenquestions2\/exercices\/pythagore\/pythagore.htm\">Pythagore 10\u00e8me<\/a><\/td><td class=\"column-3\"><a href=\"http:\/\/www.clayinformatique.ch\/mathsenquestions2\/?p=25\">Pyramides 11\u00e8me<\/a><\/td>\n<\/tr>\n<tr class=\"row-5\">\n\t<td class=\"column-1\"><a href=\"http:\/\/www.clayinformatique.ch\/mathsenquestions2\/?p=7\">Aires &amp; P\u00e9rim\u00e8tres<\/a><\/td><td class=\"column-2\"><a href=\"http:\/\/www.clayinformatique.ch\/mathsenquestions2\/?p=21\">Pythagore 1 - 10\u00e8me<\/a><\/td><td class=\"column-3\"><a href=\"http:\/\/www.clayinformatique.ch\/mathsenquestions2\/?p=27\">Pyramides 2 - 11\u00e8me<\/a><\/td>\n<\/tr>\n<tr class=\"row-6\">\n\t<td class=\"column-1\"><a href=\"http:\/\/www.clayinformatique.ch\/mathsenquestions2\/?p=8\">Aires &amp; P\u00e9rim\u00e8tres 2<\/a><\/td><td class=\"column-2\"><a href=\"http:\/\/www.clayinformatique.ch\/mathsenquestions2\/?p=22\">Pythagore 2 - 10\u00e8me<\/a><\/td><td class=\"column-3\"><a href=\"http:\/\/www.clayinformatique.ch\/mathsenquestions2\/exercices\/volumes\/cones.htm\">C\u00f4nes 11\u00e8me<\/a><\/td>\n<\/tr>\n<tr class=\"row-7\">\n\t<td class=\"column-1\"><a href=\"http:\/\/www.clayinformatique.ch\/mathsenquestions2\/?p=10\">Aires &amp; P\u00e9rim\u00e8tres 3<\/a><\/td><td class=\"column-2\"><a href=\"http:\/\/www.clayinformatique.ch\/mathsenquestions2\/exercices\/volumes_prismes\/volumes_classification.htm\">Volumes, classification, unit\u00e9s 10\u00e8me<\/a><\/td><td class=\"column-3\"><a href=\"http:\/\/www.clayinformatique.ch\/mathsenquestions2\/?p=28\">C\u00f4nes et boules 11\u00e8me<\/a><\/td>\n<\/tr>\n<tr class=\"row-8\">\n\t<td class=\"column-1\"><a href=\"http:\/\/www.clayinformatique.ch\/mathsenquestions2\/exercices\/cercle_disque_voc\/index.html\" target=\"_blank\" rel=\"noopener noreferrer\">Cercles et disques (vocabulaire)<\/a><\/td><td class=\"column-2\"><a href=\"http:\/\/www.clayinformatique.ch\/mathsenquestions2\/?p=121\">Volumes, classification, unit\u00e9s 2 - 10\u00e8me<\/a><\/td><td class=\"column-3\"><a href=\"http:\/\/www.clayinformatique.ch\/mathsenquestions2\/?p=30\">Isom\u00e9tries 11\u00e8me<\/a><\/td>\n<\/tr>\n<tr class=\"row-9\">\n\t<td class=\"column-1\"><a href=\"http:\/\/www.clayinformatique.ch\/mathsenquestions2\/?p=12\">Cercles et disques (exercices)<\/a><\/td><td class=\"column-2\"><a href=\"http:\/\/www.clayinformatique.ch\/mathsenquestions2\/?p=23\">Unit\u00e9s, volumes<\/a><\/td><td class=\"column-3\"><a href=\"http:\/\/www.clayinformatique.ch\/mathsenquestions2\/?p=119\">Isom\u00e9tries et homoth\u00e9ties 11\u00e8me<\/a><\/td>\n<\/tr>\n<tr class=\"row-10\">\n\t<td class=\"column-1\"><a href=\"http:\/\/www.clayinformatique.ch\/mathsenquestions2\/?p=17\">Heure<\/a><\/td><td class=\"column-2\"><a href=\"http:\/\/www.clayinformatique.ch\/mathsenquestions2\/?p=126\">R\u00e9vision 10\u00e8me<\/a><\/td><td class=\"column-3\"><a href=\"http:\/\/www.clayinformatique.ch\/mathsenquestions2\/?p=31\">Trigonom\u00e9trie 11\u00e8me<\/a><\/td>\n<\/tr>\n<tr class=\"row-11\">\n\t<td class=\"column-1\"><\/td><td class=\"column-2\"><\/td><td class=\"column-3\"><a href=\"http:\/\/www.clayinformatique.ch\/mathsenquestions2\/?p=128\">Trigonom\u00e9trie 2 - 11\u00e8me<\/a><\/td>\n<\/tr>\n<tr class=\"row-12\">\n\t<td class=\"column-1\"><\/td><td class=\"column-2\"><\/td><td class=\"column-3\"><a href=\"http:\/\/www.clayinformatique.ch\/mathsenquestions2\/?p=130\">Trigonom\u00e9trie 3 - 11\u00e8me<\/a><\/td>\n<\/tr>\n<tr class=\"row-13\">\n\t<td class=\"column-1\"><\/td><td class=\"column-2\"><\/td><td class=\"column-3\"><a href=\"http:\/\/www.clayinformatique.ch\/mathsenquestions2\/?p=33\">Similitudes 11\u00e8me<\/a><\/td>\n<\/tr>\n<tr class=\"row-14\">\n\t<td class=\"column-1\"><\/td><td class=\"column-2\"><\/td><td class=\"column-3\"><a href=\"http:\/\/www.clayinformatique.ch\/mathsenquestions2\/exercices\/thales\/thales.pdf\">Thales 11\u00e8me<\/a><br \/>\n<a href=\"http:\/\/www.clayinformatique.ch\/mathsenquestions2\/?p=534\">Thales 11\u00e8me corrig\u00e9s<\/a><\/td>\n<\/tr>\n<tr class=\"row-15\">\n\t<td class=\"column-1\"><\/td><td class=\"column-2\"><\/td><td class=\"column-3\"><a href=\"https:\/\/www.clayinformatique.ch\/mathsenquestions2\/wp-content\/uploads\/2021\/06\/formules_geometrie-1.pdf\" rel=\"noopener\" target=\"_blank\">R\u00e9viser les formules en g\u00e9om\u00e9trie<\/a><\/td>\n<\/tr>\n<\/tbody>\n<\/table>\n<!-- #tablepress-2 from cache -->\n","protected":false},"excerpt":{"rendered":"","protected":false},"author":1,"featured_media":0,"parent":0,"menu_order":0,"comment_status":"closed","ping_status":"closed","template":"","meta":{"footnotes":""},"class_list":["post-306","page","type-page","status-publish","hentry"],"aioseo_notices":[],"_links":{"self":[{"href":"https:\/\/www.clayinformatique.ch\/mathsenquestions2\/index.php?rest_route=\/wp\/v2\/pages\/306","targetHints":{"allow":["GET"]}}],"collection":[{"href":"https:\/\/www.clayinformatique.ch\/mathsenquestions2\/index.php?rest_route=\/wp\/v2\/pages"}],"about":[{"href":"https:\/\/www.clayinformatique.ch\/mathsenquestions2\/index.php?rest_route=\/wp\/v2\/types\/page"}],"author":[{"embeddable":true,"href":"https:\/\/www.clayinformatique.ch\/mathsenquestions2\/index.php?rest_route=\/wp\/v2\/users\/1"}],"replies":[{"embeddable":true,"href":"https:\/\/www.clayinformatique.ch\/mathsenquestions2\/index.php?rest_route=%2Fwp%2Fv2%2Fcomments&post=306"}],"version-history":[{"count":0,"href":"https:\/\/www.clayinformatique.ch\/mathsenquestions2\/index.php?rest_route=\/wp\/v2\/pages\/306\/revisions"}],"wp:attachment":[{"href":"https:\/\/www.clayinformatique.ch\/mathsenquestions2\/index.php?rest_route=%2Fwp%2Fv2%2Fmedia&parent=306"}],"curies":[{"name":"wp","href":"https:\/\/api.w.org\/{rel}","templated":true}]}}