{"id":355,"date":"2016-02-01T11:16:07","date_gmt":"2016-02-01T10:16:07","guid":{"rendered":"http:\/\/www.clayinformatique.ch\/mathsenquestions2\/?page_id=355"},"modified":"2016-02-03T14:47:33","modified_gmt":"2016-02-03T13:47:33","slug":"theorie-geometrie-9eme","status":"publish","type":"page","link":"https:\/\/www.clayinformatique.ch\/mathsenquestions2\/?page_id=355","title":{"rendered":"Th\u00e9orie G\u00e9om\u00e9trie"},"content":{"rendered":"\n<table id=\"tablepress-4\" class=\"tablepress tablepress-id-4\">\n<tbody class=\"row-striping row-hover\">\n<tr class=\"row-1\">\n\t<td class=\"column-1\"><strong>9\u00e8me<\/strong><\/td><td class=\"column-2\"><strong>10\u00e8me<\/strong><\/td><td class=\"column-3\"><strong>11\u00e8me<\/strong><\/td>\n<\/tr>\n<tr class=\"row-2\">\n\t<td class=\"column-1\"><a href=\"http:\/\/www.clayinformatique.ch\/mathsenquestions2\/?p=96\">Cercle et disque<\/a><\/td><td class=\"column-2\"><a href=\"http:\/\/www.clayinformatique.ch\/mathsenquestions2\/?p=659\">Droites remarquables d'un triangle<\/a><\/td><td class=\"column-3\"><a href=\"http:\/\/www.clayinformatique.ch\/mathsenquestions2\/?p=104\">Pyramides<\/a><\/td>\n<\/tr>\n<tr class=\"row-3\">\n\t<td class=\"column-1\"><\/td><td class=\"column-2\"><\/td><td class=\"column-3\"><a href=\"http:\/\/www.clayinformatique.ch\/mathsenquestions2\/?p=105\">C\u00f4nes<\/a><\/td>\n<\/tr>\n<tr class=\"row-4\">\n\t<td class=\"column-1\"><\/td><td class=\"column-2\"><a href=\"https:\/\/prezi.com\/u1-fu70ur5e6\/?token=bb27826f71e22b5d916537cc270c94bc5c33e52bf616e7f6092d470b1eefb140&amp;utm_campaign=share&amp;utm_medium=copy\">Les isom\u00e9tries<\/a><\/td><td class=\"column-3\"><a href=\"http:\/\/www.clayinformatique.ch\/mathsenquestions2\/?p=106\">Boules et sph\u00e8res<\/a><\/td>\n<\/tr>\n<tr class=\"row-5\">\n\t<td class=\"column-1\"><\/td><td class=\"column-2\"><\/td><td class=\"column-3\"><a href=\"http:\/\/www.clayinformatique.ch\/mathsenquestions2\/?p=108\">Trigonom\u00e9trie<\/a><\/td>\n<\/tr>\n<tr class=\"row-6\">\n\t<td class=\"column-1\"><\/td><td class=\"column-2\"><\/td><td class=\"column-3\"><a href=\"https:\/\/www.clayinformatique.ch\/mathsenquestions2\/wp-content\/uploads\/2021\/06\/formules_geometrie-1.pdf\" rel=\"noopener\" target=\"_blank\">R\u00e9viser les formules en g\u00e9om\u00e9trie<\/a><\/td>\n<\/tr>\n<\/tbody>\n<\/table>\n<!-- #tablepress-4 from cache -->\n","protected":false},"excerpt":{"rendered":"","protected":false},"author":1,"featured_media":0,"parent":0,"menu_order":0,"comment_status":"closed","ping_status":"closed","template":"","meta":{"footnotes":""},"class_list":["post-355","page","type-page","status-publish","hentry"],"aioseo_notices":[],"_links":{"self":[{"href":"https:\/\/www.clayinformatique.ch\/mathsenquestions2\/index.php?rest_route=\/wp\/v2\/pages\/355","targetHints":{"allow":["GET"]}}],"collection":[{"href":"https:\/\/www.clayinformatique.ch\/mathsenquestions2\/index.php?rest_route=\/wp\/v2\/pages"}],"about":[{"href":"https:\/\/www.clayinformatique.ch\/mathsenquestions2\/index.php?rest_route=\/wp\/v2\/types\/page"}],"author":[{"embeddable":true,"href":"https:\/\/www.clayinformatique.ch\/mathsenquestions2\/index.php?rest_route=\/wp\/v2\/users\/1"}],"replies":[{"embeddable":true,"href":"https:\/\/www.clayinformatique.ch\/mathsenquestions2\/index.php?rest_route=%2Fwp%2Fv2%2Fcomments&post=355"}],"version-history":[{"count":0,"href":"https:\/\/www.clayinformatique.ch\/mathsenquestions2\/index.php?rest_route=\/wp\/v2\/pages\/355\/revisions"}],"wp:attachment":[{"href":"https:\/\/www.clayinformatique.ch\/mathsenquestions2\/index.php?rest_route=%2Fwp%2Fv2%2Fmedia&parent=355"}],"curies":[{"name":"wp","href":"https:\/\/api.w.org\/{rel}","templated":true}]}}