{"id":815,"date":"2017-02-22T11:38:32","date_gmt":"2017-02-22T10:38:32","guid":{"rendered":"http:\/\/www.clayinformatique.ch\/mathsenquestions2\/?page_id=815"},"modified":"2024-10-21T07:50:27","modified_gmt":"2024-10-21T06:50:27","slug":"enigmes","status":"publish","type":"page","link":"https:\/\/www.clayinformatique.ch\/mathsenquestions2\/?page_id=815","title":{"rendered":"Enigmes"},"content":{"rendered":"<p><strong><em><a href=\"http:\/\/www.clayinformatique.ch\/mathsenquestions2\/wp-content\/uploads\/2017\/02\/question.png\"><img loading=\"lazy\" decoding=\"async\" class=\"alignnone wp-image-826\" src=\"http:\/\/www.clayinformatique.ch\/mathsenquestions2\/wp-content\/uploads\/2017\/02\/question.png\" alt=\"\" width=\"79\" height=\"116\" srcset=\"https:\/\/www.clayinformatique.ch\/mathsenquestions2\/wp-content\/uploads\/2017\/02\/question.png 250w, https:\/\/www.clayinformatique.ch\/mathsenquestions2\/wp-content\/uploads\/2017\/02\/question-204x300.png 204w\" sizes=\"auto, (max-width: 79px) 100vw, 79px\" \/><br \/>\n<\/a>S<\/em><em>ur cette page, vous trouvez des \u00e9nigmes permettant de faire chauffer\u00a0vos neurones !!<\/em><\/strong><\/p>\n<p>Si vous souhaitez m&rsquo;envoyer vos solutions, je mettrai en ligne le nom des personnes ayant r\u00e9solu les \u00e9nigmes.<\/p>\n<p>Vous pouvez me faire parvenir vos solutions par\u00a0<a href=\"http:\/\/www.clayinformatique.ch\/mathsenquestions2\/?page_id=359\"><span style=\"color: #0000ff;\"><strong>ce\u00a0formulaire de contact<\/strong><\/span><\/a>.<br \/>\nBonne recherche.<\/p>\n<hr \/>\n<p><strong>Enigme 1\u00a0<\/strong><\/p>\n<p style=\"text-align: left;\" align=\"center\">Aur\u00e9lie habite un immeuble qui a un code d&rsquo;entr\u00e9e \u00e0 la porte principale. Aur\u00e9lie a une mauvaise m\u00e9moire.<br \/>\nComme elle est aussi tr\u00e8s prudente, elle n&rsquo;a pas not\u00e9 les cinq chiffres de son code, mais une \u00e9nigme qui lui permet de s&rsquo;en souvenir.<br \/>\nTous les chiffres sont diff\u00e9rents.<br \/>\nLa somme des deux chiffres de gauche est 14.<br \/>\nLa somme du premier et du dernier chiffre est 12.<br \/>\nLa somme des deux chiffres de droite est 11.<br \/>\nLa somme des cinq chiffres est 29.<\/p>\n<p style=\"text-align: left;\" align=\"center\">Quel est le code ?<\/p>\n<p>Enigme r\u00e9solue par <strong><em>J\u00e9r\u00e9my Joris et Nadia Ruffieux<\/em><\/strong>. Bravo<\/p>\n<hr \/>\n<h4><strong>Enigme 2\u00a0<\/strong><\/h4>\n<p>Nathan n&rsquo;avait qu&rsquo;une seule passion au monde\u00a0: les jeux math\u00e9matiques.<br \/>\nIl s&rsquo;y est consacr\u00e9 tous les jours de son existence, sauf les dimanches et le jour de No\u00ebl, depuis le jour de ses vingt ans.<br \/>\nIl commen\u00e7ait \u00e0 9 heures du matin et finissait \u00e0 18h30, s&rsquo;arr\u00eatant 45 minutes pour d\u00e9jeuner et 5 minutes pour un th\u00e9 frugal.<br \/>\nIl passait syst\u00e9matiquement 13 minutes sur chaque probl\u00e8me.<br \/>\nH\u00e9las, le millioni\u00e8me jeu math\u00e9matique \u00e9tait si difficile qu&rsquo;il arriva \u00e0 la fin de la treizi\u00e8me minute sans l&rsquo;avoir r\u00e9solu. Son chagrin fut si vif qu&rsquo;il mourut aussit\u00f4t d&rsquo;une crise cardiaque.<\/p>\n<p><strong>Quel \u00e2ge avait notre h\u00e9ros math\u00e9maticien lorsque ce fatidique millioni\u00e8me jeu math\u00e9matique mit un terme \u00e0 une si belle vie\u00a0?<\/strong><\/p>\n<p>Enigme r\u00e9solue par <strong><em>Nadia Ruffieux<\/em><\/strong>. Bravo<\/p>\n<hr \/>\n<h4>Enigme 3<\/h4>\n<p><a href=\"http:\/\/www.clayinformatique.ch\/mathsenquestions2\/wp-content\/uploads\/2017\/02\/Enigme1.jpg\"><img loading=\"lazy\" decoding=\"async\" class=\"alignnone size-full wp-image-821\" src=\"http:\/\/www.clayinformatique.ch\/mathsenquestions2\/wp-content\/uploads\/2017\/02\/Enigme1.jpg\" alt=\"\" width=\"446\" height=\"316\" srcset=\"https:\/\/www.clayinformatique.ch\/mathsenquestions2\/wp-content\/uploads\/2017\/02\/Enigme1.jpg 446w, https:\/\/www.clayinformatique.ch\/mathsenquestions2\/wp-content\/uploads\/2017\/02\/Enigme1-300x213.jpg 300w\" sizes=\"auto, (max-width: 446px) 100vw, 446px\" \/><\/a><\/p>\n<p>Enigme r\u00e9solue par <strong><em>Nadia Ruffieux<\/em><\/strong>. Bravo<\/p>\n<hr \/>\n","protected":false},"excerpt":{"rendered":"<p>Sur cette page, vous trouvez des \u00e9nigmes permettant de faire chauffer\u00a0vos neurones !! Si vous souhaitez m&rsquo;envoyer vos solutions, je mettrai en ligne le nom des personnes ayant r\u00e9solu les \u00e9nigmes. Vous pouvez me faire parvenir vos solutions par\u00a0ce\u00a0formulaire de contact. Bonne recherche. Enigme 1\u00a0 Aur\u00e9lie habite un immeuble qui a un code d&rsquo;entr\u00e9e \u00e0 <a class=\"read-more\" href=\"https:\/\/www.clayinformatique.ch\/mathsenquestions2\/?page_id=815\">Read More&#8230;<\/a><\/p>\n","protected":false},"author":1,"featured_media":0,"parent":0,"menu_order":0,"comment_status":"closed","ping_status":"closed","template":"","meta":{"footnotes":""},"class_list":["post-815","page","type-page","status-publish","hentry"],"aioseo_notices":[],"_links":{"self":[{"href":"https:\/\/www.clayinformatique.ch\/mathsenquestions2\/index.php?rest_route=\/wp\/v2\/pages\/815","targetHints":{"allow":["GET"]}}],"collection":[{"href":"https:\/\/www.clayinformatique.ch\/mathsenquestions2\/index.php?rest_route=\/wp\/v2\/pages"}],"about":[{"href":"https:\/\/www.clayinformatique.ch\/mathsenquestions2\/index.php?rest_route=\/wp\/v2\/types\/page"}],"author":[{"embeddable":true,"href":"https:\/\/www.clayinformatique.ch\/mathsenquestions2\/index.php?rest_route=\/wp\/v2\/users\/1"}],"replies":[{"embeddable":true,"href":"https:\/\/www.clayinformatique.ch\/mathsenquestions2\/index.php?rest_route=%2Fwp%2Fv2%2Fcomments&post=815"}],"version-history":[{"count":1,"href":"https:\/\/www.clayinformatique.ch\/mathsenquestions2\/index.php?rest_route=\/wp\/v2\/pages\/815\/revisions"}],"predecessor-version":[{"id":1047,"href":"https:\/\/www.clayinformatique.ch\/mathsenquestions2\/index.php?rest_route=\/wp\/v2\/pages\/815\/revisions\/1047"}],"wp:attachment":[{"href":"https:\/\/www.clayinformatique.ch\/mathsenquestions2\/index.php?rest_route=%2Fwp%2Fv2%2Fmedia&parent=815"}],"curies":[{"name":"wp","href":"https:\/\/api.w.org\/{rel}","templated":true}]}}