{"id":171,"date":"2011-09-15T13:11:50","date_gmt":"2011-09-15T11:11:50","guid":{"rendered":"http:\/\/www.clayinformatique.ch\/physiqueenquestions\/?page_id=171"},"modified":"2022-03-16T18:21:20","modified_gmt":"2022-03-16T17:21:20","slug":"nouveau-site-de-la-physique-en-questions","status":"publish","type":"page","link":"https:\/\/www.clayinformatique.ch\/physiqueenquestions\/","title":{"rendered":"\u00ab\u00a0La Physique en Questions\u00a0\u00bb"},"content":{"rendered":"<p>Bonjour \u00e0 tous,<\/p>\n<p>Sur ce site, vous trouverez quelques liens, supports de cours, documents sur les th\u00e8mes travaill\u00e9s en classe.<br \/>\nN&rsquo;h\u00e9sitez pas \u00e0 me transmettre vos impressions ou vos souhaits en m&rsquo;\u00e9crivant \u00e0&nbsp;<em><strong>clayinformatique.info(at)gmail.com<\/strong><\/em><\/p>\n<p>Bon travail.<\/p>\n<p><strong>Clay<\/strong><\/p>\n<p><a href=\"http:\/\/www.clayinformatique.ch\/physiqueenquestions\/wp-login.php\">Connexion<\/a><\/p>\n","protected":false},"excerpt":{"rendered":"<p>Bonjour \u00e0 tous, Sur ce site, vous trouverez quelques liens, supports de cours, documents sur les th\u00e8mes travaill\u00e9s en classe. N&rsquo;h\u00e9sitez pas \u00e0 me transmettre vos impressions ou vos souhaits en m&rsquo;\u00e9crivant \u00e0&nbsp;clayinformatique.info(at)gmail.com Bon travail. Clay Connexion<\/p>\n","protected":false},"author":1,"featured_media":0,"parent":0,"menu_order":0,"comment_status":"closed","ping_status":"closed","template":"","meta":{"ngg_post_thumbnail":0,"footnotes":""},"class_list":["post-171","page","type-page","status-publish","hentry"],"_links":{"self":[{"href":"https:\/\/www.clayinformatique.ch\/physiqueenquestions\/index.php?rest_route=\/wp\/v2\/pages\/171","targetHints":{"allow":["GET"]}}],"collection":[{"href":"https:\/\/www.clayinformatique.ch\/physiqueenquestions\/index.php?rest_route=\/wp\/v2\/pages"}],"about":[{"href":"https:\/\/www.clayinformatique.ch\/physiqueenquestions\/index.php?rest_route=\/wp\/v2\/types\/page"}],"author":[{"embeddable":true,"href":"https:\/\/www.clayinformatique.ch\/physiqueenquestions\/index.php?rest_route=\/wp\/v2\/users\/1"}],"replies":[{"embeddable":true,"href":"https:\/\/www.clayinformatique.ch\/physiqueenquestions\/index.php?rest_route=%2Fwp%2Fv2%2Fcomments&post=171"}],"version-history":[{"count":5,"href":"https:\/\/www.clayinformatique.ch\/physiqueenquestions\/index.php?rest_route=\/wp\/v2\/pages\/171\/revisions"}],"predecessor-version":[{"id":266,"href":"https:\/\/www.clayinformatique.ch\/physiqueenquestions\/index.php?rest_route=\/wp\/v2\/pages\/171\/revisions\/266"}],"wp:attachment":[{"href":"https:\/\/www.clayinformatique.ch\/physiqueenquestions\/index.php?rest_route=%2Fwp%2Fv2%2Fmedia&parent=171"}],"curies":[{"name":"wp","href":"https:\/\/api.w.org\/{rel}","templated":true}]}}