{"id":1644,"date":"2015-01-26T10:00:54","date_gmt":"2015-01-26T09:00:54","guid":{"rendered":"http:\/\/www.clayinformatique.ch\/usa2014\/?page_id=1644"},"modified":"2023-11-25T13:26:54","modified_gmt":"2023-11-25T12:26:54","slug":"arizona","status":"publish","type":"page","link":"https:\/\/www.clayinformatique.ch\/usa2014\/?page_id=1644","title":{"rendered":"Arizona &#8211; d\u00e9tail"},"content":{"rendered":"<p>Voici une carte d\u00e9taillant les lieux que nous avons visit\u00e9s durant nos diff\u00e9rents voyages. Pour retrouver les articles d&rsquo;un endroit, cliquez sur son num\u00e9ro.<\/p>\n<p><img loading=\"lazy\" decoding=\"async\" class=\"alignnone wp-image-5653 size-full\" src=\"https:\/\/www.clayinformatique.ch\/usa2014\/wp-content\/uploads\/2023\/11\/arizona67-2016.jpg\" alt=\"\" usemap=\"#arizona\" width=\"670\" height=\"804\" srcset=\"https:\/\/www.clayinformatique.ch\/usa2014\/wp-content\/uploads\/2023\/11\/arizona67-2016.jpg 670w, https:\/\/www.clayinformatique.ch\/usa2014\/wp-content\/uploads\/2023\/11\/arizona67-2016-250x300.jpg 250w\" sizes=\"auto, (max-width: 670px) 100vw, 670px\" \/><\/p>\n\n<table id=\"tablepress-4\" class=\"tablepress tablepress-id-4\">\n<thead>\n<tr class=\"row-1\">\n\t<td class=\"column-1\"><\/td><th class=\"column-2\">Location<\/th>\n<\/tr>\n<\/thead>\n<tbody class=\"row-striping row-hover\">\n<tr class=\"row-2\">\n\t<td class=\"column-1\">1<\/td><td class=\"column-2\">Powell Lake - Page - Antelope Canyon - Horseshoe Bend<\/td>\n<\/tr>\n<tr class=\"row-3\">\n\t<td class=\"column-1\">2<\/td><td class=\"column-2\">Williams<\/td>\n<\/tr>\n<tr class=\"row-4\">\n\t<td class=\"column-1\">3<\/td><td class=\"column-2\">Grand Canyon<\/td>\n<\/tr>\n<tr class=\"row-5\">\n\t<td class=\"column-1\">4<\/td><td class=\"column-2\">Seligman<\/td>\n<\/tr>\n<tr class=\"row-6\">\n\t<td class=\"column-1\">5<\/td><td class=\"column-2\">Jerome &amp; Tuzigoot &amp; Red Rock SP - Watson Lake - Granite Dells - Prescott<\/td>\n<\/tr>\n<tr class=\"row-7\">\n\t<td class=\"column-1\">6<\/td><td class=\"column-2\">Sedona &amp; environs<\/td>\n<\/tr>\n<tr class=\"row-8\">\n\t<td class=\"column-1\">7<\/td><td class=\"column-2\">Montezuma Castle <\/td>\n<\/tr>\n<tr class=\"row-9\">\n\t<td class=\"column-1\">8<\/td><td class=\"column-2\">Phoenix - Glendale - Goldfield<\/td>\n<\/tr>\n<tr class=\"row-10\">\n\t<td class=\"column-1\">9<\/td><td class=\"column-2\">Yuma-Painted Rock Petroglyph-Gila Bend<\/td>\n<\/tr>\n<tr class=\"row-11\">\n\t<td class=\"column-1\">10<\/td><td class=\"column-2\">Ajo Mountain Drive -Puerto Blanco Drive<\/td>\n<\/tr>\n<tr class=\"row-12\">\n\t<td class=\"column-1\">11<\/td><td class=\"column-2\">Tucson - Sonora Desert Museum - Mission San Xavier del Bac - Tubac - Ramsey Canyon Preserve<\/td>\n<\/tr>\n<tr class=\"row-13\">\n\t<td class=\"column-1\">12<\/td><td class=\"column-2\">Tombstone &amp; environs<\/td>\n<\/tr>\n<tr class=\"row-14\">\n\t<td class=\"column-1\">13<\/td><td class=\"column-2\">Wickenburg \u2013 Lake Pleasant <\/td>\n<\/tr>\n<tr class=\"row-15\">\n\t<td class=\"column-1\">14<\/td><td class=\"column-2\">Payson \u2013 Water Wheel River \u2013 Holbrook<\/td>\n<\/tr>\n<tr class=\"row-16\">\n\t<td class=\"column-1\">15<\/td><td class=\"column-2\">Petrified Forest \u2013 Painted Desert \u2013 Red Rock Park<\/td>\n<\/tr>\n<tr class=\"row-17\">\n\t<td class=\"column-1\">16<\/td><td class=\"column-2\">Coal Mine Canyon \u2013 Flagstaff<\/td>\n<\/tr>\n<tr class=\"row-18\">\n\t<td class=\"column-1\">17<\/td><td class=\"column-2\">Chiricahua NM \u2013 Texas Canyon \u2013 Benson<\/td>\n<\/tr>\n<tr class=\"row-19\">\n\t<td class=\"column-1\">18<\/td><td class=\"column-2\">Monument Valley<\/td>\n<\/tr>\n<tr class=\"row-20\">\n\t<td class=\"column-1\">19<\/td><td class=\"column-2\">Window Rock \u2013 Canyon de Chelly \u2013 Bluff<\/td>\n<\/tr>\n<tr class=\"row-21\">\n\t<td class=\"column-1\">20<\/td><td class=\"column-2\">Shiprock \u2013 Four Corners \u2013 Valley of The Gods<\/td>\n<\/tr>\n<tr class=\"row-22\">\n\t<td class=\"column-1\">21<\/td><td class=\"column-2\">Meteor Crater<\/td>\n<\/tr>\n<tr class=\"row-23\">\n\t<td class=\"column-1\">22<\/td><td class=\"column-2\">Kingman<\/td>\n<\/tr>\n<tr class=\"row-24\">\n\t<td class=\"column-1\">23<\/td><td class=\"column-2\">Globe - Tonto<\/td>\n<\/tr>\n<\/tbody>\n<\/table>\n<!-- #tablepress-4 from cache -->\n<map name=\"arizona\">\n<area title=\"Page, Powell Lake, Antelope Canyon\" alt=\"1\" coords=\"393,64,20\" shape=\"circle\" href=\"http:\/\/www.clayinformatique.ch\/usa2014\/?s=az01\">\n<area title=\"Williams\" alt=\"2\" coords=\"317,264,20\" shape=\"circle\" href=\"http:\/\/www.clayinformatique.ch\/usa2014\/?s=az02\">\n<area title=\"Grand Canyon\" alt=\"3\" coords=\"317,217,20\" shape=\"circle\" href=\"http:\/\/www.clayinformatique.ch\/usa2014\/?s=az03\">\n<area title=\"Seligman\" alt=\"4\" coords=\"239,254,20\" shape=\"circle\" href=\"http:\/\/www.clayinformatique.ch\/usa2014\/?s=az04\">\n<area title=\"Jerome, Tuzigoot, Red Rock, Watson Lake, Granite Dells, Prescott\" alt=\"5\" coords=\"321,325,20\" shape=\"circle\" href=\"http:\/\/www.clayinformatique.ch\/usa2014\/?s=az05\">\n<area title=\"Sedona\" alt=\"6\" coords=\"358,308,20\" shape=\"circle\" href=\"http:\/\/www.clayinformatique.ch\/usa2014\/?s=az06\">\n<area title=\"Montezuma Castle\" alt=\"7\" coords=\"347,358,20\" shape=\"circle\" href=\"http:\/\/www.clayinformatique.ch\/usa2014\/?s=az07\">\n<area title=\"Phoenix\" alt=\"8\" coords=\"325,483,20\" shape=\"circle\" href=\"http:\/\/www.clayinformatique.ch\/usa2014\/?s=az08\">\n<area title=\"Yuma-Painted Rock Petroglyph-Gila Bend\" alt=\"9\" coords=\"78,575,20\" shape=\"circle\" href=\"http:\/\/www.clayinformatique.ch\/usa2014\/?s=az09\">\n<area title=\"Ajo Mountain Drive-Puerto Blanco Drive\" alt=\"10\" coords=\"243,624,20\" shape=\"circle\" href=\"http:\/\/www.clayinformatique.ch\/usa2014\/?s=az10\">\n<area title=\"Tucson, Sonora Desert Museum\" alt=\"11\" coords=\"434,624,20\" shape=\"circle\" href=\"http:\/\/www.clayinformatique.ch\/usa2014\/?s=az11\">\n<area title=\"Tombstone\" alt=\"12\" coords=\"532,678,20\" shape=\"circle\" href=\"http:\/\/www.clayinformatique.ch\/usa2014\/?s=az12\">\n<area title=\"Wickenburg\" alt=\"13\" coords=\"274,426,20\" shape=\"circle\" href=\"http:\/\/www.clayinformatique.ch\/usa2014\/?s=az13\">\n<area title=\"Payson\" alt=\"14\" coords=\"396,396,20\" shape=\"circle\" href=\"http:\/\/www.clayinformatique.ch\/usa2014\/?s=az14\">\n<area title=\"Holbrook, Petrified Forest, Painted Desert\" alt=\"15\" coords=\"513,306,20\" shape=\"circle\" href=\"http:\/\/www.clayinformatique.ch\/usa2014\/?s=az15\">\n<area title=\"Coal Mine Canyon\" alt=\"16\" coords=\"418,175,20\" shape=\"circle\" href=\"http:\/\/www.clayinformatique.ch\/usa2014\/?s=az16\">\n<area title=\"Chiricahua NM \u2013 Texas Canyon \u2013 Benson\" alt=\"17\" coords=\"557,635,20\" shape=\"circle\" href=\"http:\/\/www.clayinformatique.ch\/usa2014\/?s=az17\">\n<area title=\"Monument Valley\" alt=\"18\" coords=\"532,50,20\" shape=\"circle\" href=\"http:\/\/www.clayinformatique.ch\/usa2014\/?s=az18\">\n<area title=\"Window Rock \u2013 Canyon de Chelly \u2013 Bluff\" alt=\"19\" coords=\"574,142,20\" shape=\"circle\" href=\"http:\/\/www.clayinformatique.ch\/usa2014\/?s=az19\">\n<area title=\"Four corners\" alt=\"20\" coords=\"619,52,20\" shape=\"circle\" href=\"http:\/\/www.clayinformatique.ch\/usa2014\/?s=az20\">\n<area title=\"Meteor Crater\" alt=\"21\" coords=\"446,292,20\" shape=\"circle\" href=\"http:\/\/www.clayinformatique.ch\/usa2014\/?s=az21\">\n<area title=\"Kingman\" alt=\"22\" coords=\"130,282,20\" shape=\"circle\" href=\"http:\/\/www.clayinformatique.ch\/usa2014\/?s=az22\">\n<area title=\"Globe - Tonto\" alt=\"23\" coords=\"455,483,20\" shape=\"circle\" href=\"http:\/\/www.clayinformatique.ch\/usa2014\/?s=az23\"><\/map>\n","protected":false},"excerpt":{"rendered":"<p>Voici une carte d\u00e9taillant les lieux que nous avons visit\u00e9s durant nos diff\u00e9rents voyages. Pour retrouver les articles d&rsquo;un endroit, cliquez sur son num\u00e9ro.<\/p>\n","protected":false},"author":1,"featured_media":0,"parent":0,"menu_order":0,"comment_status":"closed","ping_status":"closed","template":"","meta":{"ngg_post_thumbnail":0,"footnotes":""},"class_list":["post-1644","page","type-page","status-publish","hentry"],"_links":{"self":[{"href":"https:\/\/www.clayinformatique.ch\/usa2014\/index.php?rest_route=\/wp\/v2\/pages\/1644","targetHints":{"allow":["GET"]}}],"collection":[{"href":"https:\/\/www.clayinformatique.ch\/usa2014\/index.php?rest_route=\/wp\/v2\/pages"}],"about":[{"href":"https:\/\/www.clayinformatique.ch\/usa2014\/index.php?rest_route=\/wp\/v2\/types\/page"}],"author":[{"embeddable":true,"href":"https:\/\/www.clayinformatique.ch\/usa2014\/index.php?rest_route=\/wp\/v2\/users\/1"}],"replies":[{"embeddable":true,"href":"https:\/\/www.clayinformatique.ch\/usa2014\/index.php?rest_route=%2Fwp%2Fv2%2Fcomments&post=1644"}],"version-history":[{"count":0,"href":"https:\/\/www.clayinformatique.ch\/usa2014\/index.php?rest_route=\/wp\/v2\/pages\/1644\/revisions"}],"wp:attachment":[{"href":"https:\/\/www.clayinformatique.ch\/usa2014\/index.php?rest_route=%2Fwp%2Fv2%2Fmedia&parent=1644"}],"curies":[{"name":"wp","href":"https:\/\/api.w.org\/{rel}","templated":true}]}}