{"id":2710,"date":"2015-10-12T10:17:12","date_gmt":"2015-10-12T09:17:12","guid":{"rendered":"http:\/\/www.clayinformatique.ch\/usa2014\/?page_id=2710"},"modified":"2015-10-12T10:34:12","modified_gmt":"2015-10-12T09:34:12","slug":"astuces-pense-bete","status":"publish","type":"page","link":"https:\/\/www.clayinformatique.ch\/usa2014\/?page_id=2710","title":{"rendered":"Astuces &#8211; Pense-b\u00eate"},"content":{"rendered":"<p>Durant nos diff\u00e9rents voyages, nous avons retenu quelques points :<br \/>\n\n<table id=\"tablepress-10\" class=\"tablepress tablepress-id-10\">\n<tbody class=\"row-striping row-hover\">\n<tr class=\"row-1\">\n\t<td class=\"column-1\"><a href=\"http:\/\/www.clayinformatique.ch\/usa2014\/?attachment_id=2910\" rel=\"attachment wp-att-2910\"><img loading=\"lazy\" decoding=\"async\" src=\"http:\/\/www.clayinformatique.ch\/usa2014\/wp-content\/uploads\/2015\/12\/organisation_voyage.png\" alt=\"organisation_voyage\" width=\"150\" height=\"104\" class=\"alignnone size-full wp-image-2910\" srcset=\"https:\/\/www.clayinformatique.ch\/usa2014\/wp-content\/uploads\/2015\/12\/organisation_voyage.png 400w, https:\/\/www.clayinformatique.ch\/usa2014\/wp-content\/uploads\/2015\/12\/organisation_voyage-300x207.png 300w\" sizes=\"auto, (max-width: 150px) 100vw, 150px\" \/><\/a><\/td><td class=\"column-2\"><em><strong>Organisation du voyage :<\/strong><\/em><\/td>\n<\/tr>\n<tr class=\"row-2\">\n\t<td class=\"column-1\">1<\/td><td class=\"column-2\">Le prix des billets d'avion varient fortement selon les jours. Un d\u00e9part le mardi ou le mercredi sont souvent avantageux.<br \/>\n<\/td>\n<\/tr>\n<tr class=\"row-3\">\n\t<td class=\"column-1\">2<\/td><td class=\"column-2\">Un permis international est souvent pr\u00e9vu dans les conditions de location de voiture. Un permis international peut \u00eatre obtenu aupr\u00e8s de l'Office de la Navigation. Dans la r\u00e9alit\u00e9, le permis suisse est suffisant (il remplace aussi la pi\u00e8ce d'dentit\u00e9 dans les h\u00f4tels).<\/td>\n<\/tr>\n<tr class=\"row-4\">\n\t<td class=\"column-1\">3<\/td><td class=\"column-2\">Un Visa n\u2019est plus octroy\u00e9 pour un s\u00e9jour aux USA. Il faut demander une permission de s\u00e9jour en remplissant un formulaire sur le site officiel  <a href=\"https:\/\/esta.cbp.dhs.gov\">ESTA<\/a>. Le payement se fait en ligne (40$ par personne en 2026). L'Esta est valable durant 2 ans. Attention, il faut renouveler la demande si le passeport est chang\u00e9 durant la p\u00e9riode de validit\u00e9.<\/td>\n<\/tr>\n<tr class=\"row-5\">\n\t<td class=\"column-1\">4<\/td><td class=\"column-2\">Les compagnies a\u00e9riennes ont l\u2019obligation de transmettre des donn\u00e9es concernant les passagers aux autorit\u00e9s am\u00e9ricaines. Ces donn\u00e9es APIS doivent \u00eatre fournies \u00e0 la compagnie a\u00e9rienne (si plusieurs compagnies a\u00e9riennes sont concern\u00e9es pour les vols, les donn\u00e9es APIS ne doivent \u00eatre fournies qu\u2019une seule fois \u00e0 une compagnie, les donn\u00e9es sont ensuite transmises aux autres compagnies).<br \/>\n<\/td>\n<\/tr>\n<tr class=\"row-6\">\n\t<td class=\"column-1\"><\/td><td class=\"column-2\"><\/td>\n<\/tr>\n<tr class=\"row-7\">\n\t<td class=\"column-1\"><a href=\"http:\/\/www.clayinformatique.ch\/usa2014\/?attachment_id=2916\" rel=\"attachment wp-att-2916\"><img loading=\"lazy\" decoding=\"async\" src=\"http:\/\/www.clayinformatique.ch\/usa2014\/wp-content\/uploads\/2015\/12\/circuits-usa-art-01.jpg\" alt=\"circuits-usa-art-01\" width=\"150\" height=\"80\" class=\"alignnone size-full wp-image-2916\" \/><\/a><\/td><td class=\"column-2\"><em><strong>Durant le voyage :<\/strong><\/em><\/td>\n<\/tr>\n<tr class=\"row-8\">\n\t<td class=\"column-1\">1<\/td><td class=\"column-2\">La visite des Parcs est payante (Grand Canyon 35$, Arches 30$, Yosemite 35 $, Zion 35$ en 2022). Il faut en plus payer 100$ par personne depuis 2026. Mais il existe un Annual Pass pour les parcs et les monuments nationaux. Le Pass n\u2019est pas valable pour les parcs d\u2019Etats (State Parc). A partir du 1er janvier 2026, le prix est de 250$ pour les non-r\u00e9sidents. Le pass est valable pour l'entr\u00e9e d'une voiture et de ses passagers. Avec le pass, on ne paie pas l'entr\u00e9e du parc ni les 100$ par personne. Il sert parfois \u00e9galement de ticket de parking dans certains parcs. Il faut l'acheter lors de la visite du 1er parc.<\/td>\n<\/tr>\n<tr class=\"row-9\">\n\t<td class=\"column-1\">2<\/td><td class=\"column-2\">Dans les endroits plus isol\u00e9s (State Parc ou sauvage), les campings sont situ\u00e9s dans d\u00e9cors choisis. Il est possible de faire des grillades. Utilisation des grills sur place ou achat d'un grill portable en d\u00e9but de voyage.<\/td>\n<\/tr>\n<tr class=\"row-10\">\n\t<td class=\"column-1\">3<\/td><td class=\"column-2\">Dans les restaurants, les boissons sont \u00e0 volont\u00e9 dans la majorit\u00e9 des cas.<\/td>\n<\/tr>\n<tr class=\"row-11\">\n\t<td class=\"column-1\">4<\/td><td class=\"column-2\">Dans les fast-foods, on a le choix entre 3 tailles de gobelets (small, regular, large). En choisissant small, il y a toujours la possibilit\u00e9 de boire \u00e0 volont\u00e9.<\/td>\n<\/tr>\n<tr class=\"row-12\">\n\t<td class=\"column-1\">5<\/td><td class=\"column-2\">Dans les supermarch\u00e9s, il existe des cartes-clients. Il est possible de demander de telles cartes pour profiter des promotions.<\/td>\n<\/tr>\n<tr class=\"row-13\">\n\t<td class=\"column-1\"><\/td><td class=\"column-2\"><\/td>\n<\/tr>\n<tr class=\"row-14\">\n\t<td class=\"column-1\"><a href=\"http:\/\/www.clayinformatique.ch\/usa2014\/?attachment_id=2919\" rel=\"attachment wp-att-2919\"><img loading=\"lazy\" decoding=\"async\" src=\"http:\/\/www.clayinformatique.ch\/usa2014\/wp-content\/uploads\/2015\/12\/hold_on_tight_800_clr_7140.png\" alt=\"hold_on_tight_800_clr_7140\" width=\"150\" height=\"131\" class=\"alignnone size-full wp-image-2919\" srcset=\"https:\/\/www.clayinformatique.ch\/usa2014\/wp-content\/uploads\/2015\/12\/hold_on_tight_800_clr_7140.png 800w, https:\/\/www.clayinformatique.ch\/usa2014\/wp-content\/uploads\/2015\/12\/hold_on_tight_800_clr_7140-300x263.png 300w, https:\/\/www.clayinformatique.ch\/usa2014\/wp-content\/uploads\/2015\/12\/hold_on_tight_800_clr_7140-768x672.png 768w\" sizes=\"auto, (max-width: 150px) 100vw, 150px\" \/><\/a><\/td><td class=\"column-2\"><em><strong>Points pratiques :<\/strong><\/em><br \/>\n<\/td>\n<\/tr>\n<tr class=\"row-15\">\n\t<td class=\"column-1\">1<\/td><td class=\"column-2\">Acheter une glaci\u00e8re pour avoir des boissons fra\u00eeches durant la journ\u00e9e. Les distributeurs \u00e0 gla\u00e7ons sont disponibles dans la plupart des h\u00f4tels. Des sachets de gla\u00e7ons sont \u00e9galement vendus dans les stations-service ou les super-march\u00e9s.<br \/>\n<\/td>\n<\/tr>\n<tr class=\"row-16\">\n\t<td class=\"column-1\">2<\/td><td class=\"column-2\">L\u2019achat d\u2019un GPS est tr\u00e8s facile et certainement moins on\u00e9reux que la location (surtout pour de longs s\u00e9jours). Achat chez : Best Buy ou Walmart<br \/>\nLes mises \u00e0 jour en ligne sont souvent incluses (\u00e0 contr\u00f4ler)<\/td>\n<\/tr>\n<tr class=\"row-17\">\n\t<td class=\"column-1\">3<\/td><td class=\"column-2\">Pr\u00e9voir une cl\u00e9 USB avec votre musique. De nombreuses voitures poss\u00e8dent une entr\u00e9e audio USB.<br \/>\nLa plupart des voitures ont \u00e9galement la connexion Bluetooth.<\/td>\n<\/tr>\n<\/tbody>\n<\/table>\n<!-- #tablepress-10 from cache --><\/p>\n","protected":false},"excerpt":{"rendered":"<p>Durant nos diff\u00e9rents voyages, nous avons retenu quelques points :<\/p>\n","protected":false},"author":1,"featured_media":0,"parent":0,"menu_order":0,"comment_status":"closed","ping_status":"closed","template":"","meta":{"ngg_post_thumbnail":0,"footnotes":""},"class_list":["post-2710","page","type-page","status-publish","hentry"],"_links":{"self":[{"href":"https:\/\/www.clayinformatique.ch\/usa2014\/index.php?rest_route=\/wp\/v2\/pages\/2710","targetHints":{"allow":["GET"]}}],"collection":[{"href":"https:\/\/www.clayinformatique.ch\/usa2014\/index.php?rest_route=\/wp\/v2\/pages"}],"about":[{"href":"https:\/\/www.clayinformatique.ch\/usa2014\/index.php?rest_route=\/wp\/v2\/types\/page"}],"author":[{"embeddable":true,"href":"https:\/\/www.clayinformatique.ch\/usa2014\/index.php?rest_route=\/wp\/v2\/users\/1"}],"replies":[{"embeddable":true,"href":"https:\/\/www.clayinformatique.ch\/usa2014\/index.php?rest_route=%2Fwp%2Fv2%2Fcomments&post=2710"}],"version-history":[{"count":0,"href":"https:\/\/www.clayinformatique.ch\/usa2014\/index.php?rest_route=\/wp\/v2\/pages\/2710\/revisions"}],"wp:attachment":[{"href":"https:\/\/www.clayinformatique.ch\/usa2014\/index.php?rest_route=%2Fwp%2Fv2%2Fmedia&parent=2710"}],"curies":[{"name":"wp","href":"https:\/\/api.w.org\/{rel}","templated":true}]}}