{"id":2743,"date":"2015-11-26T13:39:30","date_gmt":"2015-11-26T12:39:30","guid":{"rendered":"http:\/\/www.clayinformatique.ch\/usa2014\/?page_id=2743"},"modified":"2016-02-13T13:16:27","modified_gmt":"2016-02-13T12:16:27","slug":"organisation-du-voyage-2016-nadia","status":"publish","type":"page","link":"https:\/\/www.clayinformatique.ch\/usa2014\/?page_id=2743","title":{"rendered":"Organisation du voyage 2016 (\u00e9t\u00e9) &#8211; Nadia"},"content":{"rendered":"<p style=\"text-align: justify;\">Le voyage de 2016 est d\u00e9j\u00e0 pr\u00eat. Notre choix, ou devrais-je dire, mon choix (apr\u00e8s avoir expos\u00e9 mon id\u00e9e \u00e0 ma famille), est de faire un passage \u00e0 l\u2019ouest des Grandes Plaines. Apr\u00e8s une arriv\u00e9e \u00e0 Denver dans le Colorado, nous rejoindrons l\u2019ouest du Nebraska qui est essentiellement plat, par la r\u00e9serve des Pawnees. Le paysage se composera au d\u00e9but de notre voyage de vastes prairies d\u00e9pourvues d\u2019arbres bien que les premiers contreforts des montagnes Rocheuses vallonnent l&rsquo;ouest du territoire, avec des curiosit\u00e9s g\u00e9ologiques comme Chimney Rock ou Scottsbluff National Park qui m\u00e9ritera notre visite. Il est l\u2019un des Etats les plus pauvres des Etats Unis avec de nombreuses r\u00e9serves indiennes.<\/p>\n<p style=\"text-align: justify;\"><a href=\"http:\/\/www.clayinformatique.ch\/usa2014\/wp-content\/uploads\/2015\/11\/usa2.png\"><img loading=\"lazy\" decoding=\"async\" class=\"alignnone size-full wp-image-2754\" src=\"http:\/\/www.clayinformatique.ch\/usa2014\/wp-content\/uploads\/2015\/11\/usa2.png\" alt=\"usa2\" width=\"648\" height=\"406\" srcset=\"https:\/\/www.clayinformatique.ch\/usa2014\/wp-content\/uploads\/2015\/11\/usa2.png 648w, https:\/\/www.clayinformatique.ch\/usa2014\/wp-content\/uploads\/2015\/11\/usa2-300x188.png 300w\" sizes=\"auto, (max-width: 648px) 100vw, 648px\" \/><\/a><\/p>\n<p style=\"text-align: justify;\">Nous nous contenterons ensuite de visiter le sud ouest du Dakota. A l\u2019est de l\u2019Etat se trouvant la plupart des habitants et les exploitations agricoles qui sont sans grand int\u00e9r\u00eat. Badlands National Park et les Blacks Hills seront nos points de chute pour 5 nuits. C\u2019est l\u00e0 que nous trouverons un des plus grand troupeau de bisons sauvages (mis \u00e0 part dans le Yellowstone) avec ses 1&rsquo;300 t\u00eates. Animaux qui ont servis au tournage du film de \u00ab\u00a0Danse avec les loups\u00a0\u00bb et celui l\u00e0 m\u00eame qui a \u00e9t\u00e9 s\u00e9lectionn\u00e9 et enregistr\u00e9 en 2007 aux \u00ab\u00a0National Film Registry\u00a0\u00bb pour son patrimoine culturelle et historique. Nous serons sur le territoire des Indiens Lakotas Oglala, du peuple Sioux. Les conditions de vies des Indiens du Dakota sont souvent en dessous de la moyenne nationale. Les suicides chez les jeunes Lakotas, qui n\u2019ont aucune perspective d\u2019un bel avenir, sont fr\u00e9quents.<\/p>\n<p style=\"text-align: justify;\">Enfin nous sortirons des sentiers battus pour rejoindre les Hautes Plaines du Wyoming. C\u2019est l\u00e0 que j\u2019ai commenc\u00e9 \u00e0 avoir des difficult\u00e9s dans l\u2019organisation de notre p\u00e9riple. Je ne voulais pas me contenter de traverser l\u2019Etat le moins peupl\u00e9 des Etats Unis simplement pour me rendre dans le Yellowstone. Je souhaitais d\u00e9couvrir un minimum le pays des cow boys. Il me fallait trouver des h\u00f4tels sur ma route. Les \u00ab\u00a0villages\u00a0\u00bb travers\u00e9s \u00e9tant de 80 \u00e0 300 habitants ont compliqu\u00e9 ma t\u00e2che. Quel pays perdu\u00a0!!!! Aucun h\u00f4tel dans ces environs. Il a fallu que je modifie mon plan de route en nous faisant rejoindre de plus grandes \u00ab\u00a0villes\u00a0\u00bb. Greybull avec ses 1&rsquo;800 habitants nous sauvera et Worland avec ses 5&rsquo;500 habitants nous servira d\u2019escale. Je comprends \u00e0 pr\u00e9sent beaucoup mieux pourquoi la plupart des voyageurs traverse le Wyoming d\u2019Est en Ouest sans s\u2019arr\u00eater. Il y a par contre tant \u00e0 voir dans la r\u00e9gion des Hautes Plaines telles que de magnifiques formations rocheuses rougeoyantes dans des \u00e9tendues de prairie vertes. L\u2019endroit regorge de sites arch\u00e9ologiques avec des montagnes aux strates color\u00e9es. Pas d\u2019Indiens \u00e0 l\u2019horizon mais des ranchs ici et l\u00e0. Les chemins p\u00e9destres recens\u00e9s sont tr\u00e8s difficiles \u00e0 trouver. Je me suis mise en contact avec une personne habitant le centre du Wyoming qui m\u2019a aimablement dirig\u00e9 vers un guide officiel du Wyoming. C\u2019est bien ce que je pensais. Les Hautes Plaines du Wyoming restent un vaste territoire vierge et sauvage. Nous nous contenterons de faire un \u00ab\u00a0road trip\u00a0\u00bb \u00e0 travers les routes 4&#215;4 de la r\u00e9gion afin de rejoindre certains points int\u00e9ressants. La d\u00e9couverte se fera sur place&#8230;<\/p>\n<p style=\"text-align: justify;\">Et enfin mon r\u00eave se r\u00e9alise\u00a0: Le Yellowstone\u00a0! Nous en profiterons pendant 4 jours en passant nos nuits \u00e0 l\u2019est, au nord, \u00e0 l\u2019ouest en enfin au sud du parc. Les prix des h\u00f4tels du parc \u00e9tant tout simplement exorbitants, nous sommes dans l\u2019obligation de quitter le parc toutes les nuits. Nous r\u00e9siderons dans de petites cabanes en bois sans eau courante. Notre v\u0153u pour ce voyage au pays des trappeurs et cow boys est de croiser la route des elks (wapitis). Nos voyages pr\u00e9c\u00e9dents n\u2019\u00e9tant pas id\u00e9alement situ\u00e9s pour apercevoir ces g\u00e9ants des for\u00eats, je souhaite que cette ann\u00e9e soit prolifique en terme de wapitis\u00a0!! Bien que nous ayons aper\u00e7u les fesses de cet animal en fuite en 2015, je suis rest\u00e9e frustr\u00e9e de ne l\u2019avoir aper\u00e7u que bri\u00e8vement et de dos\u00a0!!! Et puis on esp\u00e8re rencontrer l\u2019ours\u00a0! Ce fameux ours que nous avions manqu\u00e9 de peu en 2015\u00a0! Le parc du Yellowstone appara\u00eet \u00eatre l\u2019endroit r\u00eav\u00e9 pour faire un safari, malgr\u00e9 sa haute fr\u00e9quentation. On fera comme tous les touristes\u00a0: on s\u2019arr\u00eatera d\u00e8s qu\u2019on verra un attroupement. Attroupement = Animaux sauvages \u00e0 l\u2019horizon\u00a0! Pas tr\u00e8s reluisant cette fa\u00e7on de d\u00e9couvrir la nature sauvage, je le con\u00e7ois bien.<\/p>\n<p style=\"text-align: justify;\"><a href=\"http:\/\/www.clayinformatique.ch\/usa2014\/wp-content\/uploads\/2015\/11\/yellowstone.jpg\"><img loading=\"lazy\" decoding=\"async\" class=\"alignnone wp-image-2759\" src=\"http:\/\/www.clayinformatique.ch\/usa2014\/wp-content\/uploads\/2015\/11\/yellowstone.jpg\" alt=\"yellowstone\" width=\"690\" height=\"518\" srcset=\"https:\/\/www.clayinformatique.ch\/usa2014\/wp-content\/uploads\/2015\/11\/yellowstone.jpg 700w, https:\/\/www.clayinformatique.ch\/usa2014\/wp-content\/uploads\/2015\/11\/yellowstone-300x225.jpg 300w\" sizes=\"auto, (max-width: 690px) 100vw, 690px\" \/><\/a><\/p>\n<p style=\"text-align: justify;\">Le retour se fera par une travers\u00e9e dans l\u2019unique r\u00e9serve indienne du Wyoming o\u00f9 vivent les Indiens Shoshones. Comme \u00e0 peu pr\u00e8s tous les villages indiens (mis \u00e0 part les villages en adobe du Nouveaux Mexique), ils n\u2019apportent aucun int\u00e9r\u00eat au voyage. Leurs maisons en pr\u00e9-fabriqu\u00e9 souvent mal entretenues nous fait simplement passer notre chemin. De plus, les indiens sont malheureusement cantonn\u00e9s dans des r\u00e9serves aux terres st\u00e9riles et d\u00e9pourvus d\u2019attraits puisque ce sont les blancs qui se sont appropri\u00e9s les meilleures terres. Encore une fois, il m\u2019a \u00e9t\u00e9 difficile de trouver des chemins recens\u00e9s dans la r\u00e9gion primitive de Dubois. De magnifiques montagnes stri\u00e9es de rouges, d\u2019orange, de gris et de blanc au nord de Dubois ont attir\u00e9s mon attention. Ce sont les Badlands de la r\u00e9gion. Encore une fois, impossible de trouver des informations sur l\u2019endroit. J\u2019ai pris contact avec l\u2019office du tourisme du coin et j\u2019attends des nouvelles.<\/p>\n<p style=\"text-align: justify;\">Nous terminerons dans notre \u00e9tat pr\u00e9f\u00e9r\u00e9 qu\u2019est l\u2019Utah. Nous rejoindrons Moab pour nos derni\u00e8res nuits afin de continuer \u00e0 explorer la r\u00e9gion. L\u2019endroit semble \u00eatre isol\u00e9 du reste de la plan\u00e8te et nous appr\u00e9cions la diversit\u00e9 des balades. Jamais nous ne terminerons de d\u00e9couvrir de nouveaux endroits dans cette r\u00e9gion.<\/p>\n<p style=\"text-align: justify;\">La travers\u00e9e du Colorado d\u2019ouest en est pour le retour se fera tr\u00e8s rapidement. L\u2019ann\u00e9e pr\u00e9c\u00e9dente, un village du Colorado nous avait agr\u00e9ablement surpris. J\u2019esp\u00e8re \u00e9prouver cette sensation encore une fois \u00e0 notre unique arr\u00eat dans une ville au centre du Colorado. Mais nous ne nous y attarderons pas\u00a0: trop touristique.<\/p>\n<p style=\"text-align: justify;\">Comme nous nous baladerons plut\u00f4t au nord des Etats Unis cette ann\u00e9e, une faune diff\u00e9rente est annonc\u00e9e. Peut-\u00eatre aurons nous la chance de voir des \u00e9lans qui peuple le Yellowstone et Grand Teton. Le pygargue \u00e0 t\u00eate blanche est aussi tr\u00e8s attendu. Nous essaierons de faire quelques sorties nocturnes ou tr\u00e8s matinale pour tenter de les apercevoir. Nous sommes d\u00e9j\u00e0 Claude et moi, tr\u00e8s impatient de retrouver l\u2019ambiance du Far West. M\u00eame si nous retrouvons nos chiens de prairie chaque ann\u00e9e, ainsi qu\u2019une quantit\u00e9 de cerf mulet facilement observable du bord des routes, nous sommes \u00e0 chaque fois enchant\u00e9s de les revoir. Nous multiplions leurs photos que nous collectionnons d\u00e9j\u00e0 depuis 2011. C\u2019est un bonheur de d\u00e9busquer un troupeau d\u2019antilopes ou de mouflons. Nous sommes \u00e9galement devenus beaucoup plus attentif concernant les oiseaux. Nous d\u00e9couvrons une vari\u00e9t\u00e9 \u00e9tonnante d\u2019oiseaux vivant exclusivement aux Etats Unis. Nous comptons sur Nathan et son nouveau guide d\u2019oiseaux de l\u2019ouest am\u00e9ricain pour nous en apprendre plus\u00a0!<\/p>\n<p style=\"text-align: justify;\">Le compte \u00e0 rebours a commenc\u00e9\u00a0!<\/p>\n<p style=\"text-align: right;\"><strong><span style=\"color: #800000;\">Nadia<\/span><\/strong><\/p>\n","protected":false},"excerpt":{"rendered":"<p>Le voyage de 2016 est d\u00e9j\u00e0 pr\u00eat. Notre choix, ou devrais-je dire, mon choix (apr\u00e8s avoir expos\u00e9 mon id\u00e9e \u00e0 ma famille), est de faire un passage \u00e0 l\u2019ouest des Grandes Plaines. Apr\u00e8s une arriv\u00e9e \u00e0 Denver dans le Colorado, nous rejoindrons l\u2019ouest du Nebraska qui est essentiellement plat, par la r\u00e9serve des Pawnees. Le &hellip; <a class=\"read-excerpt\" href=\"https:\/\/www.clayinformatique.ch\/usa2014\/?page_id=2743\">Continuer la lecture <span class=\"meta-nav\">&raquo;<\/span><\/a><\/p>\n","protected":false},"author":1,"featured_media":0,"parent":0,"menu_order":0,"comment_status":"closed","ping_status":"closed","template":"","meta":{"ngg_post_thumbnail":0,"footnotes":""},"class_list":["post-2743","page","type-page","status-publish","hentry"],"_links":{"self":[{"href":"https:\/\/www.clayinformatique.ch\/usa2014\/index.php?rest_route=\/wp\/v2\/pages\/2743","targetHints":{"allow":["GET"]}}],"collection":[{"href":"https:\/\/www.clayinformatique.ch\/usa2014\/index.php?rest_route=\/wp\/v2\/pages"}],"about":[{"href":"https:\/\/www.clayinformatique.ch\/usa2014\/index.php?rest_route=\/wp\/v2\/types\/page"}],"author":[{"embeddable":true,"href":"https:\/\/www.clayinformatique.ch\/usa2014\/index.php?rest_route=\/wp\/v2\/users\/1"}],"replies":[{"embeddable":true,"href":"https:\/\/www.clayinformatique.ch\/usa2014\/index.php?rest_route=%2Fwp%2Fv2%2Fcomments&post=2743"}],"version-history":[{"count":0,"href":"https:\/\/www.clayinformatique.ch\/usa2014\/index.php?rest_route=\/wp\/v2\/pages\/2743\/revisions"}],"wp:attachment":[{"href":"https:\/\/www.clayinformatique.ch\/usa2014\/index.php?rest_route=%2Fwp%2Fv2%2Fmedia&parent=2743"}],"curies":[{"name":"wp","href":"https:\/\/api.w.org\/{rel}","templated":true}]}}