{"id":3158,"date":"2016-03-14T11:46:50","date_gmt":"2016-03-14T10:46:50","guid":{"rendered":"http:\/\/www.clayinformatique.ch\/usa2014\/?page_id=3158"},"modified":"2016-11-29T09:56:38","modified_gmt":"2016-11-29T08:56:38","slug":"las-vegas-2016","status":"publish","type":"page","link":"https:\/\/www.clayinformatique.ch\/usa2014\/?page_id=3158","title":{"rendered":"Las Vegas 2016"},"content":{"rendered":"<p><a href=\"http:\/\/www.clayinformatique.ch\/usa2014\/wp-content\/uploads\/2016\/02\/Guide-pour-LAS-VEGAS-2016.pdf\" rel=\"attachment wp-att-3161\"><img loading=\"lazy\" decoding=\"async\" class=\"alignnone size-full wp-image-3161\" src=\"http:\/\/www.clayinformatique.ch\/usa2014\/wp-content\/uploads\/2016\/03\/boutons2016LV_visites.jpg\" alt=\"boutons2016LV_visites\" height=\"75\" width=\"150\"><\/a>&nbsp; &nbsp; &nbsp; &nbsp; &nbsp;&nbsp;<a href=\"http:\/\/www.clayinformatique.ch\/usa2014\/?cat=17\" rel=\"attachment wp-att-3160\"><img loading=\"lazy\" decoding=\"async\" class=\"alignnone wp-image-3160 size-full\" src=\"http:\/\/www.clayinformatique.ch\/usa2014\/wp-content\/uploads\/2016\/03\/boutons2016LV_journal.jpg\" alt=\"boutons2016LV_journal\" height=\"75\" width=\"150\"><\/a>&nbsp;&nbsp; &nbsp; &nbsp; &nbsp; &nbsp;<a href=\"http:\/\/www.clayinformatique.ch\/usa2014\/?page_id=2153\" rel=\"attachment wp-att-3159\"><img loading=\"lazy\" decoding=\"async\" class=\"alignnone size-full wp-image-3159\" src=\"http:\/\/www.clayinformatique.ch\/usa2014\/wp-content\/uploads\/2016\/03\/boutons2016LV_livre.jpg\" alt=\"boutons2016LV_livre\" height=\"75\" width=\"150\"><\/a><\/p>\n<hr>\n<p>&nbsp;<\/p>\n<p>Automne particulier cette ann\u00e9e.<\/p>\n<p>A peine remis de notre p\u00e9riple de l&rsquo;\u00e9t\u00e9, nous sommes retourn\u00e9s&nbsp;aux USA avec Nadia pour f\u00eater son&nbsp;anniversaire.<\/p>\n<p>Nous avons&nbsp;s\u00e9journ\u00e9 \u00e0 Las Vegas. Nous avons pu&nbsp;ainsi prospecter plus \u00e0 fond les alentours d\u00e9sertiques de cette ville (Valley of Fire, Red Rock Canyon, Death Valley, Nelson Ghost Town, Lake Mead,&#8230;)<\/p>\n<p><strong><span style=\"color: #800000;\">S\u00e9jour aux USA : Las Vegas du&nbsp;3 au 14 octobre&nbsp;2016 !!!<\/span><\/strong><\/p>\n<p>Les d\u00e9tails de notre voyage jour par jour &#8211;&gt;&nbsp;<a href=\"http:\/\/www.clayinformatique.ch\/usa2014\/?cat=17\">Journal de Bord<\/a><\/p>\n<p><a href=\"http:\/\/www.clayinformatique.ch\/usa2014\/?cat=17\"><img loading=\"lazy\" decoding=\"async\" class=\"alignnone wp-image-3166 size-full\" src=\"http:\/\/www.clayinformatique.ch\/usa2014\/wp-content\/uploads\/2016\/03\/Las_vegas.jpg\" alt=\"Las_vegas\" height=\"330\" width=\"625\" srcset=\"https:\/\/www.clayinformatique.ch\/usa2014\/wp-content\/uploads\/2016\/03\/Las_vegas.jpg 625w, https:\/\/www.clayinformatique.ch\/usa2014\/wp-content\/uploads\/2016\/03\/Las_vegas-300x158.jpg 300w\" sizes=\"auto, (max-width: 625px) 100vw, 625px\" \/><\/a><\/p>\n","protected":false},"excerpt":{"rendered":"<p>&nbsp; &nbsp; &nbsp; &nbsp; &nbsp;&nbsp;&nbsp;&nbsp; &nbsp; &nbsp; &nbsp; &nbsp; &nbsp; Automne particulier cette ann\u00e9e. A peine remis de notre p\u00e9riple de l&rsquo;\u00e9t\u00e9, nous sommes retourn\u00e9s&nbsp;aux USA avec Nadia pour f\u00eater son&nbsp;anniversaire. Nous avons&nbsp;s\u00e9journ\u00e9 \u00e0 Las Vegas. Nous avons pu&nbsp;ainsi prospecter plus \u00e0 fond les alentours d\u00e9sertiques de cette ville (Valley of Fire, Red Rock Canyon, &hellip; <a class=\"read-excerpt\" href=\"https:\/\/www.clayinformatique.ch\/usa2014\/?page_id=3158\">Continuer la lecture <span class=\"meta-nav\">&raquo;<\/span><\/a><\/p>\n","protected":false},"author":1,"featured_media":0,"parent":0,"menu_order":0,"comment_status":"closed","ping_status":"closed","template":"","meta":{"ngg_post_thumbnail":0,"footnotes":""},"class_list":["post-3158","page","type-page","status-publish","hentry"],"_links":{"self":[{"href":"https:\/\/www.clayinformatique.ch\/usa2014\/index.php?rest_route=\/wp\/v2\/pages\/3158","targetHints":{"allow":["GET"]}}],"collection":[{"href":"https:\/\/www.clayinformatique.ch\/usa2014\/index.php?rest_route=\/wp\/v2\/pages"}],"about":[{"href":"https:\/\/www.clayinformatique.ch\/usa2014\/index.php?rest_route=\/wp\/v2\/types\/page"}],"author":[{"embeddable":true,"href":"https:\/\/www.clayinformatique.ch\/usa2014\/index.php?rest_route=\/wp\/v2\/users\/1"}],"replies":[{"embeddable":true,"href":"https:\/\/www.clayinformatique.ch\/usa2014\/index.php?rest_route=%2Fwp%2Fv2%2Fcomments&post=3158"}],"version-history":[{"count":0,"href":"https:\/\/www.clayinformatique.ch\/usa2014\/index.php?rest_route=\/wp\/v2\/pages\/3158\/revisions"}],"wp:attachment":[{"href":"https:\/\/www.clayinformatique.ch\/usa2014\/index.php?rest_route=%2Fwp%2Fv2%2Fmedia&parent=3158"}],"curies":[{"name":"wp","href":"https:\/\/api.w.org\/{rel}","templated":true}]}}