{"id":3820,"date":"2016-11-14T11:53:32","date_gmt":"2016-11-14T10:53:32","guid":{"rendered":"http:\/\/www.clayinformatique.ch\/usa2014\/?page_id=3820"},"modified":"2017-12-07T08:52:55","modified_gmt":"2017-12-07T07:52:55","slug":"usa-2017","status":"publish","type":"page","link":"https:\/\/www.clayinformatique.ch\/usa2014\/?page_id=3820","title":{"rendered":"USA 2017"},"content":{"rendered":"<p><a href=\"http:\/\/www.clayinformatique.ch\/usa2014\/?page_id=4033\"><img loading=\"lazy\" decoding=\"async\" class=\"alignnone wp-image-3957 size-full\" src=\"http:\/\/www.clayinformatique.ch\/usa2014\/wp-content\/uploads\/2016\/11\/bouton2017_organisation.jpg\" width=\"150\" height=\"75\"><\/a>&nbsp; &nbsp; &nbsp;<a href=\"http:\/\/www.clayinformatique.ch\/usa2014\/wp-content\/uploads\/2017\/07\/projet_voyage_USA_2017.compressed.pdf\" target=\"_blank\" rel=\"noopener noreferrer\"><img loading=\"lazy\" decoding=\"async\" class=\"alignnone wp-image-3958 size-full\" src=\"http:\/\/www.clayinformatique.ch\/usa2014\/wp-content\/uploads\/2016\/11\/bouton2017_projets.jpg\" alt=\"\" width=\"150\" height=\"75\"><\/a>&nbsp; &nbsp; &nbsp; &nbsp;<a href=\"http:\/\/www.clayinformatique.ch\/usa2014\/?cat=19\"><img loading=\"lazy\" decoding=\"async\" class=\"alignnone wp-image-3959 size-full\" src=\"http:\/\/www.clayinformatique.ch\/usa2014\/wp-content\/uploads\/2016\/11\/bouton2017_journal.jpg\" alt=\"\" width=\"150\" height=\"75\"><\/a>&nbsp; &nbsp; &nbsp;<a href=\"http:\/\/www.clayinformatique.ch\/usa2014\/?page_id=2153\"><img loading=\"lazy\" decoding=\"async\" class=\"alignnone wp-image-3960 size-full\" src=\"http:\/\/www.clayinformatique.ch\/usa2014\/wp-content\/uploads\/2016\/11\/bouton2017_livreor.jpg\" width=\"150\" height=\"75\"><\/a><\/p>\n<hr>\n<p>Nous avons fait une boucle dont le d\u00e9part et l&rsquo;arriv\u00e9e furent Las Vegas. Le parcours a \u00e9t\u00e9 plus court que nos diff\u00e9rents voyages. Nous sommes rest\u00e9s parfois 2 ou 3 nuits au m\u00eame endroit pour nous permettre d&rsquo;explorer des recoins qui nous enchantent mais que nous n&rsquo;avions pas encore visit\u00e9s.<\/p>\n<p>Le Sud de l&rsquo;Utah et ses rochers rouges, ses slots canyons ont \u00e9t\u00e9 nos d\u00e9couvertes de l&rsquo;\u00e9t\u00e9 2017.<\/p>\n<p><strong>Le voyage USA 2017 s&rsquo;est d\u00e9roul\u00e9 du&nbsp;9 juillet au 3 ao\u00fbt.<\/strong><\/p>\n<p>Le parcours de <em><strong>base<\/strong><\/em>, nous allons prospecter en sortant de ce trajet principal.&nbsp;<\/p>\n<p><img loading=\"lazy\" decoding=\"async\" class=\"alignnone wp-image-4046 size-full\" src=\"http:\/\/www.clayinformatique.ch\/usa2014\/wp-content\/uploads\/2016\/11\/claudeayer_2-copie.gif\" alt=\"\" width=\"700\" height=\"447\"><\/p>\n","protected":false},"excerpt":{"rendered":"<p>&nbsp; &nbsp; &nbsp;&nbsp; &nbsp; &nbsp; &nbsp;&nbsp; &nbsp; &nbsp; Nous avons fait une boucle dont le d\u00e9part et l&rsquo;arriv\u00e9e furent Las Vegas. Le parcours a \u00e9t\u00e9 plus court que nos diff\u00e9rents voyages. Nous sommes rest\u00e9s parfois 2 ou 3 nuits au m\u00eame endroit pour nous permettre d&rsquo;explorer des recoins qui nous enchantent mais que nous n&rsquo;avions &hellip; <a class=\"read-excerpt\" href=\"https:\/\/www.clayinformatique.ch\/usa2014\/?page_id=3820\">Continuer la lecture <span class=\"meta-nav\">&raquo;<\/span><\/a><\/p>\n","protected":false},"author":1,"featured_media":0,"parent":0,"menu_order":0,"comment_status":"closed","ping_status":"closed","template":"","meta":{"ngg_post_thumbnail":0,"footnotes":""},"class_list":["post-3820","page","type-page","status-publish","hentry"],"_links":{"self":[{"href":"https:\/\/www.clayinformatique.ch\/usa2014\/index.php?rest_route=\/wp\/v2\/pages\/3820","targetHints":{"allow":["GET"]}}],"collection":[{"href":"https:\/\/www.clayinformatique.ch\/usa2014\/index.php?rest_route=\/wp\/v2\/pages"}],"about":[{"href":"https:\/\/www.clayinformatique.ch\/usa2014\/index.php?rest_route=\/wp\/v2\/types\/page"}],"author":[{"embeddable":true,"href":"https:\/\/www.clayinformatique.ch\/usa2014\/index.php?rest_route=\/wp\/v2\/users\/1"}],"replies":[{"embeddable":true,"href":"https:\/\/www.clayinformatique.ch\/usa2014\/index.php?rest_route=%2Fwp%2Fv2%2Fcomments&post=3820"}],"version-history":[{"count":0,"href":"https:\/\/www.clayinformatique.ch\/usa2014\/index.php?rest_route=\/wp\/v2\/pages\/3820\/revisions"}],"wp:attachment":[{"href":"https:\/\/www.clayinformatique.ch\/usa2014\/index.php?rest_route=%2Fwp%2Fv2%2Fmedia&parent=3820"}],"curies":[{"name":"wp","href":"https:\/\/api.w.org\/{rel}","templated":true}]}}