{"id":4404,"date":"2018-04-02T12:16:45","date_gmt":"2018-04-02T11:16:45","guid":{"rendered":"http:\/\/www.clayinformatique.ch\/usa2014\/?page_id=4404"},"modified":"2020-06-16T10:12:11","modified_gmt":"2020-06-16T09:12:11","slug":"usa-2017-2","status":"publish","type":"page","link":"https:\/\/www.clayinformatique.ch\/usa2014\/?page_id=4404","title":{"rendered":"USA 2018"},"content":{"rendered":"<p>Cette ann\u00e9e, nous nous dirigeons un peu plus vers le Nord. Nous partirons de Seattle pour d\u00e9buter notre parcours qui nous emm\u00e8nera sur la c\u00f4te, traversera les montagnes pour arriver dans le d\u00e9sert de l&rsquo;Oregon. Notre voyage se terminera \u00e0 Portland.<\/p>\n<p><strong>Le voyage USA 2018 s&rsquo;est d\u00e9roul\u00e9 du&nbsp;9 juillet au 8 ao\u00fbt.<\/strong><\/p>\n<p>Le parcours de <em><strong>base<\/strong><\/em>, nous allons prospecter en sortant de ce trajet principal.&nbsp;<\/p>\n<p><img loading=\"lazy\" decoding=\"async\" class=\"alignnone wp-image-4297\" src=\"http:\/\/www.clayinformatique.ch\/usa2014\/wp-content\/uploads\/2017\/12\/2018.jpg\" alt=\"\" width=\"690\" height=\"423\" srcset=\"https:\/\/www.clayinformatique.ch\/usa2014\/wp-content\/uploads\/2017\/12\/2018.jpg 900w, https:\/\/www.clayinformatique.ch\/usa2014\/wp-content\/uploads\/2017\/12\/2018-300x184.jpg 300w, https:\/\/www.clayinformatique.ch\/usa2014\/wp-content\/uploads\/2017\/12\/2018-768x471.jpg 768w\" sizes=\"auto, (max-width: 690px) 100vw, 690px\" \/><\/p>\n","protected":false},"excerpt":{"rendered":"<p>Cette ann\u00e9e, nous nous dirigeons un peu plus vers le Nord. Nous partirons de Seattle pour d\u00e9buter notre parcours qui nous emm\u00e8nera sur la c\u00f4te, traversera les montagnes pour arriver dans le d\u00e9sert de l&rsquo;Oregon. Notre voyage se terminera \u00e0 Portland. Le voyage USA 2018 s&rsquo;est d\u00e9roul\u00e9 du&nbsp;9 juillet au 8 ao\u00fbt. Le parcours de &hellip; <a class=\"read-excerpt\" href=\"https:\/\/www.clayinformatique.ch\/usa2014\/?page_id=4404\">Continuer la lecture <span class=\"meta-nav\">&raquo;<\/span><\/a><\/p>\n","protected":false},"author":1,"featured_media":0,"parent":0,"menu_order":0,"comment_status":"closed","ping_status":"closed","template":"","meta":{"ngg_post_thumbnail":0,"footnotes":""},"class_list":["post-4404","page","type-page","status-publish","hentry"],"_links":{"self":[{"href":"https:\/\/www.clayinformatique.ch\/usa2014\/index.php?rest_route=\/wp\/v2\/pages\/4404","targetHints":{"allow":["GET"]}}],"collection":[{"href":"https:\/\/www.clayinformatique.ch\/usa2014\/index.php?rest_route=\/wp\/v2\/pages"}],"about":[{"href":"https:\/\/www.clayinformatique.ch\/usa2014\/index.php?rest_route=\/wp\/v2\/types\/page"}],"author":[{"embeddable":true,"href":"https:\/\/www.clayinformatique.ch\/usa2014\/index.php?rest_route=\/wp\/v2\/users\/1"}],"replies":[{"embeddable":true,"href":"https:\/\/www.clayinformatique.ch\/usa2014\/index.php?rest_route=%2Fwp%2Fv2%2Fcomments&post=4404"}],"version-history":[{"count":0,"href":"https:\/\/www.clayinformatique.ch\/usa2014\/index.php?rest_route=\/wp\/v2\/pages\/4404\/revisions"}],"wp:attachment":[{"href":"https:\/\/www.clayinformatique.ch\/usa2014\/index.php?rest_route=%2Fwp%2Fv2%2Fmedia&parent=4404"}],"curies":[{"name":"wp","href":"https:\/\/api.w.org\/{rel}","templated":true}]}}