{"id":5324,"date":"2023-02-14T09:44:29","date_gmt":"2023-02-14T08:44:29","guid":{"rendered":"https:\/\/www.clayinformatique.ch\/usa2014\/?page_id=5324"},"modified":"2026-01-04T17:06:02","modified_gmt":"2026-01-04T16:06:02","slug":"accueil-2","status":"publish","type":"page","link":"https:\/\/www.clayinformatique.ch\/usa2014\/","title":{"rendered":"Accueil"},"content":{"rendered":"<table style=\"border-collapse: collapse; width: 97.432232%; height: 71px;\">\n<tbody>\n<tr style=\"height: 190px;\">\n<td style=\"width: 27.544345%; text-align: left; vertical-align: middle; height: 71px;\"><em>Retrouvez-nous sur<\/em><em>&nbsp;<\/em><em>&nbsp;&nbsp;<\/em><\/td>\n<td style=\"width: 20.837003%; text-align: left; vertical-align: middle; height: 71px;\"><em><a href=\"https:\/\/www.instagram.com\/usa_wildcountry\/\" target=\"_blank\" rel=\"noopener\"><img loading=\"lazy\" decoding=\"async\" class=\"alignnone wp-image-4896 \" src=\"https:\/\/www.clayinformatique.ch\/usa2014\/wp-content\/uploads\/2022\/03\/insta-300x221.png\" alt=\"\" width=\"110\" height=\"81\" srcset=\"https:\/\/www.clayinformatique.ch\/usa2014\/wp-content\/uploads\/2022\/03\/insta-300x221.png 300w, https:\/\/www.clayinformatique.ch\/usa2014\/wp-content\/uploads\/2022\/03\/insta-1024x756.png 1024w, https:\/\/www.clayinformatique.ch\/usa2014\/wp-content\/uploads\/2022\/03\/insta-768x567.png 768w, https:\/\/www.clayinformatique.ch\/usa2014\/wp-content\/uploads\/2022\/03\/insta-1536x1133.png 1536w, https:\/\/www.clayinformatique.ch\/usa2014\/wp-content\/uploads\/2022\/03\/insta.png 1911w\" sizes=\"auto, (max-width: 110px) 100vw, 110px\" \/><\/a><\/em><\/td>\n<td style=\"width: 43.416667%; vertical-align: middle; height: 71px;\">&nbsp; &nbsp; &nbsp;&nbsp;<img loading=\"lazy\" decoding=\"async\" class=\"alignnone wp-image-4810 \" src=\"https:\/\/www.clayinformatique.ch\/usa2014\/wp-content\/uploads\/2021\/01\/usa_wildcountry-instagram2-150x150.png\" alt=\"\" width=\"113\" height=\"113\" srcset=\"https:\/\/www.clayinformatique.ch\/usa2014\/wp-content\/uploads\/2021\/01\/usa_wildcountry-instagram2-150x150.png 150w, https:\/\/www.clayinformatique.ch\/usa2014\/wp-content\/uploads\/2021\/01\/usa_wildcountry-instagram2-144x144.png 144w\" sizes=\"auto, (max-width: 113px) 100vw, 113px\" \/><\/td>\n<td style=\"width: 291.849247%; vertical-align: middle; height: 71px;\">&nbsp; &nbsp; &nbsp; &nbsp; &nbsp; &nbsp; &nbsp; &nbsp; &nbsp; &nbsp; &nbsp;&nbsp;<\/td>\n<\/tr>\n<\/tbody>\n<\/table>\n<p><em>Recherche :<\/em><\/p>\n<table style=\"border-collapse: collapse; width: 100%; height: 17px;\">\n<tbody>\n<tr style=\"height: 280px;\">\n<td style=\"width: 33%; height: 17px;\">\n<p style=\"text-align: center;\"><em><strong><i>Par \u00c9tat<\/i><\/strong><\/em><\/p>\n<p><em><strong><a href=\"https:\/\/www.clayinformatique.ch\/usa2014\/?page_id=1603\"><img loading=\"lazy\" decoding=\"async\" class=\"aligncenter wp-image-5604\" src=\"https:\/\/www.clayinformatique.ch\/usa2014\/wp-content\/uploads\/2023\/11\/carte-usa-etats.jpg\" alt=\"\" width=\"350\" height=\"310\" srcset=\"https:\/\/www.clayinformatique.ch\/usa2014\/wp-content\/uploads\/2023\/11\/carte-usa-etats.jpg 670w, https:\/\/www.clayinformatique.ch\/usa2014\/wp-content\/uploads\/2023\/11\/carte-usa-etats-300x266.jpg 300w\" sizes=\"auto, (max-width: 350px) 100vw, 350px\" \/><\/a><\/strong><\/em><\/td>\n<td style=\"width: 33%; height: 17px;\">\n<p style=\"text-align: center;\"><em><strong>Par Ann\u00e9e<\/strong><\/em><\/p>\n<p style=\"text-align: center;\"><a href=\"https:\/\/www.clayinformatique.ch\/usa2014\/?page_id=1948\"><img loading=\"lazy\" decoding=\"async\" class=\"alignnone wp-image-6316\" src=\"https:\/\/www.clayinformatique.ch\/usa2014\/wp-content\/uploads\/2025\/11\/usa-image-fond-site-2011-2025.jpg\" alt=\"\" width=\"350\" height=\"301\" srcset=\"https:\/\/www.clayinformatique.ch\/usa2014\/wp-content\/uploads\/2025\/11\/usa-image-fond-site-2011-2025.jpg 900w, https:\/\/www.clayinformatique.ch\/usa2014\/wp-content\/uploads\/2025\/11\/usa-image-fond-site-2011-2025-300x258.jpg 300w, https:\/\/www.clayinformatique.ch\/usa2014\/wp-content\/uploads\/2025\/11\/usa-image-fond-site-2011-2025-768x661.jpg 768w\" sizes=\"auto, (max-width: 350px) 100vw, 350px\" \/><\/a><\/p>\n<\/td>\n<\/tr>\n<tr>\n<td style=\"width: 33%;\" colspan=\"2\">\n<p style=\"text-align: center;\"><em><strong>Par Mot-cl\u00e9<\/strong><\/em><\/p>\n<p><em><strong><img loading=\"lazy\" decoding=\"async\" class=\"aligncenter wp-image-5352\" src=\"https:\/\/www.clayinformatique.ch\/usa2014\/wp-content\/uploads\/2023\/02\/Capture-decran-2023-02-14-a-10.42.04.png\" alt=\"\" width=\"350\" height=\"220\" srcset=\"https:\/\/www.clayinformatique.ch\/usa2014\/wp-content\/uploads\/2023\/02\/Capture-decran-2023-02-14-a-10.42.04.png 513w, https:\/\/www.clayinformatique.ch\/usa2014\/wp-content\/uploads\/2023\/02\/Capture-decran-2023-02-14-a-10.42.04-300x189.png 300w\" sizes=\"auto, (max-width: 350px) 100vw, 350px\" \/><\/strong><\/em><\/p>\n<p style=\"text-align: center;\"><form role=\"search\" method=\"get\" id=\"searchform\" class=\"searchform\" action=\"https:\/\/www.clayinformatique.ch\/usa2014\/\">\n\t\t\t\t<div>\n\t\t\t\t\t<label class=\"screen-reader-text\" for=\"s\">Rechercher\u00a0:<\/label>\n\t\t\t\t\t<input type=\"text\" value=\"\" name=\"s\" id=\"s\" \/>\n\t\t\t\t\t<input type=\"submit\" id=\"searchsubmit\" value=\"Rechercher\" \/>\n\t\t\t\t<\/div>\n\t\t\t<input type=\"hidden\" name=\"id\" value=\"4586\" \/><\/form><\/p>\n<\/td>\n<\/tr>\n<\/tbody>\n<\/table>\n<p>&nbsp;<\/p>\n","protected":false},"excerpt":{"rendered":"<p>Retrouvez-nous sur&nbsp;&nbsp;&nbsp; &nbsp; &nbsp; &nbsp;&nbsp; &nbsp; &nbsp; &nbsp; &nbsp; &nbsp; &nbsp; &nbsp; &nbsp; &nbsp; &nbsp; &nbsp;&nbsp; Recherche : Par \u00c9tat Par Ann\u00e9e Par Mot-cl\u00e9 &nbsp;<\/p>\n","protected":false},"author":1,"featured_media":0,"parent":0,"menu_order":0,"comment_status":"closed","ping_status":"closed","template":"","meta":{"ngg_post_thumbnail":0,"footnotes":""},"class_list":["post-5324","page","type-page","status-publish","hentry"],"_links":{"self":[{"href":"https:\/\/www.clayinformatique.ch\/usa2014\/index.php?rest_route=\/wp\/v2\/pages\/5324","targetHints":{"allow":["GET"]}}],"collection":[{"href":"https:\/\/www.clayinformatique.ch\/usa2014\/index.php?rest_route=\/wp\/v2\/pages"}],"about":[{"href":"https:\/\/www.clayinformatique.ch\/usa2014\/index.php?rest_route=\/wp\/v2\/types\/page"}],"author":[{"embeddable":true,"href":"https:\/\/www.clayinformatique.ch\/usa2014\/index.php?rest_route=\/wp\/v2\/users\/1"}],"replies":[{"embeddable":true,"href":"https:\/\/www.clayinformatique.ch\/usa2014\/index.php?rest_route=%2Fwp%2Fv2%2Fcomments&post=5324"}],"version-history":[{"count":3,"href":"https:\/\/www.clayinformatique.ch\/usa2014\/index.php?rest_route=\/wp\/v2\/pages\/5324\/revisions"}],"predecessor-version":[{"id":6323,"href":"https:\/\/www.clayinformatique.ch\/usa2014\/index.php?rest_route=\/wp\/v2\/pages\/5324\/revisions\/6323"}],"wp:attachment":[{"href":"https:\/\/www.clayinformatique.ch\/usa2014\/index.php?rest_route=%2Fwp%2Fv2%2Fmedia&parent=5324"}],"curies":[{"name":"wp","href":"https:\/\/api.w.org\/{rel}","templated":true}]}}