{"id":5606,"date":"2023-11-25T10:49:56","date_gmt":"2023-11-25T09:49:56","guid":{"rendered":"https:\/\/www.clayinformatique.ch\/usa2014\/?page_id=5606"},"modified":"2023-11-25T12:01:33","modified_gmt":"2023-11-25T11:01:33","slug":"texas-details","status":"publish","type":"page","link":"https:\/\/www.clayinformatique.ch\/usa2014\/?page_id=5606","title":{"rendered":"Texas &#8211; D\u00e9tail"},"content":{"rendered":"<p>Voici une carte d\u00e9taillant les lieux que nous avons visit\u00e9s durant nos diff\u00e9rents voyages. Pour retrouver les articles d&rsquo;un endroit, cliquez sur son num\u00e9ro.<\/p>\n<p><img loading=\"lazy\" decoding=\"async\" class=\"alignnone wp-image-5608 size-full\" src=\"https:\/\/www.clayinformatique.ch\/usa2014\/wp-content\/uploads\/2023\/11\/texas_visite_670.jpg\" alt=\"\" usemap=\"#texas\" width=\"670\" height=\"603\" srcset=\"https:\/\/www.clayinformatique.ch\/usa2014\/wp-content\/uploads\/2023\/11\/texas_visite_670.jpg 670w, https:\/\/www.clayinformatique.ch\/usa2014\/wp-content\/uploads\/2023\/11\/texas_visite_670-300x270.jpg 300w\" sizes=\"auto, (max-width: 670px) 100vw, 670px\" \/><\/p>\n\n<table id=\"tablepress-17\" class=\"tablepress tablepress-id-17\">\n<thead>\n<tr class=\"row-1\">\n\t<td class=\"column-1\"><\/td><th class=\"column-2\">Location<\/th>\n<\/tr>\n<\/thead>\n<tbody class=\"row-striping row-hover\">\n<tr class=\"row-2\">\n\t<td class=\"column-1\">1<\/td><td class=\"column-2\">Big Bend<\/td>\n<\/tr>\n<tr class=\"row-3\">\n\t<td class=\"column-1\">2<\/td><td class=\"column-2\">Alpine - Fort Davis,<br \/>\n - Marfa<\/td>\n<\/tr>\n<\/tbody>\n<\/table>\n<!-- #tablepress-17 from cache -->\n<map name=\"texas\">\n<area title=\"Big Bend\" alt=\"1\" coords=\"182,398,20\" shape=\"circle\" href=\"http:\/\/www.clayinformatique.ch\/usa2014\/?s=tx01\">\n<area title=\"Alpine, Fort Davis, Marfa\" alt=\"2\" coords=\"198,302,20\" shape=\"circle\" href=\"http:\/\/www.clayinformatique.ch\/usa2014\/?s=tx02\"> <\/map>\n","protected":false},"excerpt":{"rendered":"<p>Voici une carte d\u00e9taillant les lieux que nous avons visit\u00e9s durant nos diff\u00e9rents voyages. Pour retrouver les articles d&rsquo;un endroit, cliquez sur son num\u00e9ro.<\/p>\n","protected":false},"author":1,"featured_media":0,"parent":0,"menu_order":0,"comment_status":"closed","ping_status":"closed","template":"","meta":{"ngg_post_thumbnail":0,"footnotes":""},"class_list":["post-5606","page","type-page","status-publish","hentry"],"_links":{"self":[{"href":"https:\/\/www.clayinformatique.ch\/usa2014\/index.php?rest_route=\/wp\/v2\/pages\/5606","targetHints":{"allow":["GET"]}}],"collection":[{"href":"https:\/\/www.clayinformatique.ch\/usa2014\/index.php?rest_route=\/wp\/v2\/pages"}],"about":[{"href":"https:\/\/www.clayinformatique.ch\/usa2014\/index.php?rest_route=\/wp\/v2\/types\/page"}],"author":[{"embeddable":true,"href":"https:\/\/www.clayinformatique.ch\/usa2014\/index.php?rest_route=\/wp\/v2\/users\/1"}],"replies":[{"embeddable":true,"href":"https:\/\/www.clayinformatique.ch\/usa2014\/index.php?rest_route=%2Fwp%2Fv2%2Fcomments&post=5606"}],"version-history":[{"count":0,"href":"https:\/\/www.clayinformatique.ch\/usa2014\/index.php?rest_route=\/wp\/v2\/pages\/5606\/revisions"}],"wp:attachment":[{"href":"https:\/\/www.clayinformatique.ch\/usa2014\/index.php?rest_route=%2Fwp%2Fv2%2Fmedia&parent=5606"}],"curies":[{"name":"wp","href":"https:\/\/api.w.org\/{rel}","templated":true}]}}